{"id":159,"date":"2024-11-21T17:00:17","date_gmt":"2024-11-21T17:00:17","guid":{"rendered":"https:\/\/avvocato.vamtam.com\/?page_id=159"},"modified":"2025-06-15T22:12:17","modified_gmt":"2025-06-15T22:12:17","slug":"terms-conditions","status":"publish","type":"page","link":"https:\/\/mavroinjurylaw.com\/es\/terms-conditions\/","title":{"rendered":"T\u00e9rminos &amp; Condiciones"},"content":{"rendered":"<div data-elementor-type=\"wp-page\" data-elementor-id=\"159\" class=\"elementor elementor-159\" data-elementor-post-type=\"page\">\n\t\t\t\t\t\t<section class=\"elementor-section elementor-top-section elementor-element elementor-element-3a54afe elementor-section-boxed elementor-section-height-default elementor-section-height-default\" data-id=\"3a54afe\" data-element_type=\"section\" data-e-type=\"section\">\n\t\t\t\t\t\t<div class=\"elementor-container elementor-column-gap-no\">\n\t\t\t\t\t<div class=\"elementor-column elementor-col-50 elementor-top-column elementor-element elementor-element-b717a84\" data-id=\"b717a84\" data-element_type=\"column\" data-e-type=\"column\">\n\t\t\t<div class=\"elementor-widget-wrap elementor-element-populated\">\n\t\t\t\t\t\t\t<\/div>\n\t\t<\/div>\n\t\t\t\t<div class=\"elementor-column elementor-col-50 elementor-top-column elementor-element elementor-element-37248c8\" data-id=\"37248c8\" data-element_type=\"column\" data-e-type=\"column\">\n\t\t\t<div class=\"elementor-widget-wrap\">\n\t\t\t\t\t\t\t<\/div>\n\t\t<\/div>\n\t\t\t\t\t<\/div>\n\t\t<\/section>\n\t\t\t\t<section class=\"elementor-section elementor-top-section elementor-element elementor-element-2fc07a1b elementor-section-boxed elementor-section-height-default elementor-section-height-default\" data-id=\"2fc07a1b\" data-element_type=\"section\" data-e-type=\"section\">\n\t\t\t\t\t\t<div class=\"elementor-container elementor-column-gap-no\">\n\t\t\t\t\t<div class=\"elementor-column elementor-col-100 elementor-top-column elementor-element elementor-element-2a196368\" data-id=\"2a196368\" data-element_type=\"column\" data-e-type=\"column\">\n\t\t\t<div class=\"elementor-widget-wrap elementor-element-populated\">\n\t\t\t\t\t\t<div class=\"elementor-element elementor-element-78526b63 elementor-widget elementor-widget-heading\" data-id=\"78526b63\" data-element_type=\"widget\" data-e-type=\"widget\" data-widget_type=\"heading.default\">\n\t\t\t\t<div class=\"elementor-widget-container\">\n\t\t\t\t\t<h3 class=\"elementor-heading-title elementor-size-default\">Descargo de responsabilidad<\/h3>\t\t\t\t<\/div>\n\t\t\t\t<\/div>\n\t\t\t\t<div class=\"vamtam-has-theme-widget-styles elementor-element elementor-element-5fb91356 elementor-widget elementor-widget-text-editor\" data-id=\"5fb91356\" data-element_type=\"widget\" data-e-type=\"widget\" data-widget_type=\"text-editor.default\">\n\t\t\t\t<div class=\"elementor-widget-container\">\n\t\t\t\t\t\t\t\t\t<p>Estos t\u00e9rminos y condiciones describen las normas y reglamentos para el uso del sitio web de Felipe Mavromatis y cualquier informaci\u00f3n o material contenido en \u00e9l. Al acceder o utilizar este sitio, usted acepta estos t\u00e9rminos. Si no est\u00e1 de acuerdo, le rogamos que se abstenga de utilizar el sitio web.<\/p><p>Los clientes que permiten que Felipe Mavromatis y\/o Mavro Injury Law, PA les ayuden con su reclamaci\u00f3n por accidente o lesi\u00f3n pueden no obtener los mismos resultados econ\u00f3micos, ni siquiera similares, a los que indican estos resultados exitosos. Las cantidades indicadas son antes de la deducci\u00f3n de los honorarios de los abogados y los costos, tales como los peritos o las facturas m\u00e9dicas por las lesiones de los clientes.<\/p>\t\t\t\t\t\t\t\t<\/div>\n\t\t\t\t<\/div>\n\t\t\t\t<div class=\"elementor-element elementor-element-29d54c7b elementor-widget elementor-widget-heading\" data-id=\"29d54c7b\" data-element_type=\"widget\" data-e-type=\"widget\" data-widget_type=\"heading.default\">\n\t\t\t\t<div class=\"elementor-widget-container\">\n\t\t\t\t\t<h3 class=\"elementor-heading-title elementor-size-default\">Solo con fines informativos<\/h3>\t\t\t\t<\/div>\n\t\t\t\t<\/div>\n\t\t\t\t<div class=\"vamtam-has-theme-widget-styles elementor-element elementor-element-45cc1659 elementor-widget elementor-widget-text-editor\" data-id=\"45cc1659\" data-element_type=\"widget\" data-e-type=\"widget\" data-widget_type=\"text-editor.default\">\n\t\t\t\t<div class=\"elementor-widget-container\">\n\t\t\t\t\t\t\t\t\t<p>El contenido proporcionado en este sitio web tiene fines exclusivamente educativos e informativos. No constituye asesoramiento legal y no debe considerarse como tal. No se debe tomar ninguna medida ni omitir ninguna acci\u00f3n bas\u00e1ndose en la informaci\u00f3n que se encuentra en este sitio web sin consultar a un abogado calificado sobre sus circunstancias espec\u00edficas.<\/p>\t\t\t\t\t\t\t\t<\/div>\n\t\t\t\t<\/div>\n\t\t\t\t<div class=\"elementor-element elementor-element-68eb9ad0 elementor-widget elementor-widget-heading\" data-id=\"68eb9ad0\" data-element_type=\"widget\" data-e-type=\"widget\" data-widget_type=\"heading.default\">\n\t\t\t\t<div class=\"elementor-widget-container\">\n\t\t\t\t\t<h3 class=\"elementor-heading-title elementor-size-default\">Descargo de responsabilidad sobre la relaci\u00f3n abogado-cliente<\/h3>\t\t\t\t<\/div>\n\t\t\t\t<\/div>\n\t\t\t\t<div class=\"vamtam-has-theme-widget-styles elementor-element elementor-element-5725bc5 elementor-widget elementor-widget-text-editor\" data-id=\"5725bc5\" data-element_type=\"widget\" data-e-type=\"widget\" data-widget_type=\"text-editor.default\">\n\t\t\t\t<div class=\"elementor-widget-container\">\n\t\t\t\t\t\t\t\t\t<p>Ver el contenido de este sitio web o enviar consultas no establece una relaci\u00f3n abogado-cliente. Esto incluye cualquier contacto a trav\u00e9s de formularios, correos electr\u00f3nicos o llamadas telef\u00f3nicas. La relaci\u00f3n abogado-cliente con Felipe Mavromatis solo se establece despu\u00e9s de que ambas partes hayan firmado un contrato de representaci\u00f3n legal.<\/p><p>Cualquier informaci\u00f3n compartida a trav\u00e9s de este sitio web se tratar\u00e1 de forma confidencial y se utilizar\u00e1 \u00fanicamente con el fin de evaluar una posible representaci\u00f3n legal. Si ya cuenta con un abogado, debe obtener el consentimiento de su abogado actual antes de ponerse en contacto con este despacho.<\/p>\t\t\t\t\t\t\t\t<\/div>\n\t\t\t\t<\/div>\n\t\t\t\t<div class=\"elementor-element elementor-element-6d07ba0c elementor-widget elementor-widget-heading\" data-id=\"6d07ba0c\" data-element_type=\"widget\" data-e-type=\"widget\" data-widget_type=\"heading.default\">\n\t\t\t\t<div class=\"elementor-widget-container\">\n\t\t\t\t\t<h3 class=\"elementor-heading-title elementor-size-default\">Descargo de responsabilidad sobre asesoramiento m\u00e9dico<\/h3>\t\t\t\t<\/div>\n\t\t\t\t<\/div>\n\t\t\t\t<div class=\"vamtam-has-theme-widget-styles elementor-element elementor-element-8938387 elementor-widget elementor-widget-text-editor\" data-id=\"8938387\" data-element_type=\"widget\" data-e-type=\"widget\" data-widget_type=\"text-editor.default\">\n\t\t\t\t<div class=\"elementor-widget-container\">\n\t\t\t\t\t\t\t\t\t<p>Este sitio web no proporciona asesoramiento m\u00e9dico ni pretende sustituir los servicios de salud profesionales. El contenido proporcionado es informativo y educativo y no debe sustituir el criterio m\u00e9dico profesional. Consulte siempre a un profesional de la salud autorizado si tiene alguna duda m\u00e9dica.<\/p><p>El sitio web no garantiza la exactitud ni la integridad de la informaci\u00f3n m\u00e9dica proporcionada, incluida la informaci\u00f3n procedente de enlaces externos.<\/p>\t\t\t\t\t\t\t\t<\/div>\n\t\t\t\t<\/div>\n\t\t\t\t<div class=\"elementor-element elementor-element-d19c2ba elementor-widget elementor-widget-heading\" data-id=\"d19c2ba\" data-element_type=\"widget\" data-e-type=\"widget\" data-widget_type=\"heading.default\">\n\t\t\t\t<div class=\"elementor-widget-container\">\n\t\t\t\t\t<h3 class=\"elementor-heading-title elementor-size-default\">Limitaciones jurisdiccionales y variaciones en las leyes estatales<\/h3>\t\t\t\t<\/div>\n\t\t\t\t<\/div>\n\t\t\t\t<div class=\"vamtam-has-theme-widget-styles elementor-element elementor-element-252a8f36 elementor-widget elementor-widget-text-editor\" data-id=\"252a8f36\" data-element_type=\"widget\" data-e-type=\"widget\" data-widget_type=\"text-editor.default\">\n\t\t\t\t<div class=\"elementor-widget-container\">\n\t\t\t\t\t\t\t\t\t<p>Felipe Mavromatis tiene licencia para ejercer la abogac\u00eda en jurisdicciones espec\u00edficas, principalmente en Florida. Las leyes y los estatutos var\u00edan seg\u00fan el estado, y es posible que la informaci\u00f3n de este sitio web no sea aplicable a todas las ubicaciones o casos.<\/p><p>Los plazos, como el plazo de prescripci\u00f3n, var\u00edan seg\u00fan el estado, por lo que es fundamental actuar con rapidez. Comun\u00edquese con un abogado autorizado lo antes posible para garantizar la protecci\u00f3n de sus derechos legales.<\/p>\t\t\t\t\t\t\t\t<\/div>\n\t\t\t\t<\/div>\n\t\t\t\t<div class=\"elementor-element elementor-element-f0aabbe elementor-widget elementor-widget-heading\" data-id=\"f0aabbe\" data-element_type=\"widget\" data-e-type=\"widget\" data-widget_type=\"heading.default\">\n\t\t\t\t<div class=\"elementor-widget-container\">\n\t\t\t\t\t<h3 class=\"elementor-heading-title elementor-size-default\">Publicidad de abogados<\/h3>\t\t\t\t<\/div>\n\t\t\t\t<\/div>\n\t\t\t\t<div class=\"vamtam-has-theme-widget-styles elementor-element elementor-element-ee9bae8 elementor-widget elementor-widget-text-editor\" data-id=\"ee9bae8\" data-element_type=\"widget\" data-e-type=\"widget\" data-widget_type=\"text-editor.default\">\n\t\t\t\t<div class=\"elementor-widget-container\">\n\t\t\t\t\t\t\t\t\t<p>Los materiales de este sitio web pueden constituir publicidad de abogados seg\u00fan las leyes y normas \u00e9ticas aplicables. La selecci\u00f3n de un representante legal es una decisi\u00f3n importante y no debe basarse \u00fanicamente en anuncios publicitarios.<\/p><p>No se ofrecen garant\u00edas ni promesas con respecto al resultado de los casos. Los resultados anteriores no garantizan resultados similares en casos futuros. Se recomienda a los posibles clientes que eval\u00faen las credenciales de un abogado de forma independiente.<\/p>\t\t\t\t\t\t\t\t<\/div>\n\t\t\t\t<\/div>\n\t\t\t\t<div class=\"elementor-element elementor-element-0b85186 elementor-widget elementor-widget-heading\" data-id=\"0b85186\" data-element_type=\"widget\" data-e-type=\"widget\" data-widget_type=\"heading.default\">\n\t\t\t\t<div class=\"elementor-widget-container\">\n\t\t\t\t\t<h3 class=\"elementor-heading-title elementor-size-default\">Pol\u00edtica De Privacidad<\/h3>\t\t\t\t<\/div>\n\t\t\t\t<\/div>\n\t\t\t\t<div class=\"vamtam-has-theme-widget-styles elementor-element elementor-element-d2b1cef elementor-widget elementor-widget-text-editor\" data-id=\"d2b1cef\" data-element_type=\"widget\" data-e-type=\"widget\" data-widget_type=\"text-editor.default\">\n\t\t\t\t<div class=\"elementor-widget-container\">\n\t\t\t\t\t\t\t\t\t<p>Su privacidad es importante para nosotros. Por favor, revise la Pol\u00edtica de Privacidad publicada en este sitio web, que rige la recopilaci\u00f3n, el uso y la divulgaci\u00f3n de su informaci\u00f3n.<\/p>\t\t\t\t\t\t\t\t<\/div>\n\t\t\t\t<\/div>\n\t\t\t\t\t<\/div>\n\t\t<\/div>\n\t\t\t\t\t<\/div>\n\t\t<\/section>\n\t\t\t\t<\/div>","protected":false},"excerpt":{"rendered":"<p>Disclaimer These terms and conditions outline the rules and regulations for the use of Felipe Mavromatis&#8217;s website and any information or material contained herein. By accessing or using this site, you agree to these terms. If you do not agree, please refrain from using the website. Clients who allow Felipe Mavromatis and\/or Mavro Injury Law,&#8230;<\/p>","protected":false},"author":1,"featured_media":0,"parent":0,"menu_order":0,"comment_status":"closed","ping_status":"closed","template":"","meta":{"nf_dc_page":"","footnotes":""},"categories":[9],"tags":[56],"class_list":["post-159","page","type-page","status-publish","hentry","category-blog","tag-no-search"],"yoast_head":"<!-- This site is optimized with the Yoast SEO plugin v27.4 - https:\/\/yoast.com\/product\/yoast-seo-wordpress\/ -->\n<title>Terms &amp; Conditions | Felipe Mavromatis<\/title>\n<meta name=\"robots\" content=\"index, follow, max-snippet:-1, max-image-preview:large, max-video-preview:-1\" \/>\n<link rel=\"canonical\" href=\"https:\/\/mavroinjurylaw.com\/es\/terms-conditions\/\" \/>\n<meta property=\"og:locale\" content=\"es_ES\" \/>\n<meta property=\"og:type\" content=\"article\" \/>\n<meta property=\"og:title\" content=\"Terms &amp; Conditions | Felipe Mavromatis\" \/>\n<meta property=\"og:description\" content=\"Disclaimer These terms and conditions outline the rules and regulations for the use of Felipe Mavromatis&#8217;s website and any information or material contained herein. By accessing or using this site, you agree to these terms. If you do not agree, please refrain from using the website. Clients who allow Felipe Mavromatis and\/or Mavro Injury Law,...\" \/>\n<meta property=\"og:url\" content=\"https:\/\/mavroinjurylaw.com\/es\/terms-conditions\/\" \/>\n<meta property=\"og:site_name\" content=\"Felipe Mavromatis\" \/>\n<meta property=\"article:modified_time\" content=\"2025-06-15T22:12:17+00:00\" \/>\n<meta name=\"twitter:card\" content=\"summary_large_image\" \/>\n<meta name=\"twitter:label1\" content=\"Est. reading time\" \/>\n\t<meta name=\"twitter:data1\" content=\"3 minutos\" \/>\n<script type=\"application\/ld+json\" class=\"yoast-schema-graph\">{\"@context\":\"https:\\\/\\\/schema.org\",\"@graph\":[{\"@type\":\"WebPage\",\"@id\":\"https:\\\/\\\/mavroinjurylaw.com\\\/terms-conditions\\\/\",\"url\":\"https:\\\/\\\/mavroinjurylaw.com\\\/terms-conditions\\\/\",\"name\":\"Terms & Conditions | Felipe Mavromatis\",\"isPartOf\":{\"@id\":\"https:\\\/\\\/mavroinjurylaw.com\\\/#website\"},\"datePublished\":\"2024-11-21T17:00:17+00:00\",\"dateModified\":\"2025-06-15T22:12:17+00:00\",\"breadcrumb\":{\"@id\":\"https:\\\/\\\/mavroinjurylaw.com\\\/terms-conditions\\\/#breadcrumb\"},\"inLanguage\":\"es\",\"potentialAction\":[{\"@type\":\"ReadAction\",\"target\":[\"https:\\\/\\\/mavroinjurylaw.com\\\/terms-conditions\\\/\"]}]},{\"@type\":\"BreadcrumbList\",\"@id\":\"https:\\\/\\\/mavroinjurylaw.com\\\/terms-conditions\\\/#breadcrumb\",\"itemListElement\":[{\"@type\":\"ListItem\",\"position\":1,\"name\":\"Home\",\"item\":\"https:\\\/\\\/mavroinjurylaw.com\\\/\"},{\"@type\":\"ListItem\",\"position\":2,\"name\":\"Terms &#038; Conditions\"}]},{\"@type\":\"WebSite\",\"@id\":\"https:\\\/\\\/mavroinjurylaw.com\\\/#website\",\"url\":\"https:\\\/\\\/mavroinjurylaw.com\\\/\",\"name\":\"Felipe Mavromatis\",\"description\":\"Advogado Brasileiro Florida\",\"publisher\":{\"@id\":\"https:\\\/\\\/mavroinjurylaw.com\\\/#\\\/schema\\\/person\\\/1ef4ad05d80110ed7383af76ef749282\"},\"potentialAction\":[{\"@type\":\"SearchAction\",\"target\":{\"@type\":\"EntryPoint\",\"urlTemplate\":\"https:\\\/\\\/mavroinjurylaw.com\\\/?s={search_term_string}\"},\"query-input\":{\"@type\":\"PropertyValueSpecification\",\"valueRequired\":true,\"valueName\":\"search_term_string\"}}],\"inLanguage\":\"es\"},{\"@type\":[\"Person\",\"Organization\"],\"@id\":\"https:\\\/\\\/mavroinjurylaw.com\\\/#\\\/schema\\\/person\\\/1ef4ad05d80110ed7383af76ef749282\",\"name\":\"felipe.mavro\",\"image\":{\"@type\":\"ImageObject\",\"inLanguage\":\"es\",\"@id\":\"https:\\\/\\\/wemovecases.com\\\/wp-content\\\/uploads\\\/2023\\\/02\\\/logo3.png\",\"url\":\"https:\\\/\\\/wemovecases.com\\\/wp-content\\\/uploads\\\/2023\\\/02\\\/logo3.png\",\"contentUrl\":\"https:\\\/\\\/wemovecases.com\\\/wp-content\\\/uploads\\\/2023\\\/02\\\/logo3.png\",\"width\":311,\"height\":71,\"caption\":\"felipe.mavro\"},\"logo\":{\"@id\":\"https:\\\/\\\/wemovecases.com\\\/wp-content\\\/uploads\\\/2023\\\/02\\\/logo3.png\"}}]}<\/script>\n<!-- \/ Yoast SEO plugin. -->","yoast_head_json":{"title":"Terms & Conditions | Felipe Mavromatis","robots":{"index":"index","follow":"follow","max-snippet":"max-snippet:-1","max-image-preview":"max-image-preview:large","max-video-preview":"max-video-preview:-1"},"canonical":"https:\/\/mavroinjurylaw.com\/es\/terms-conditions\/","og_locale":"es_ES","og_type":"article","og_title":"Terms & Conditions | Felipe Mavromatis","og_description":"Disclaimer These terms and conditions outline the rules and regulations for the use of Felipe Mavromatis&#8217;s website and any information or material contained herein. By accessing or using this site, you agree to these terms. If you do not agree, please refrain from using the website. Clients who allow Felipe Mavromatis and\/or Mavro Injury Law,...","og_url":"https:\/\/mavroinjurylaw.com\/es\/terms-conditions\/","og_site_name":"Felipe Mavromatis","article_modified_time":"2025-06-15T22:12:17+00:00","twitter_card":"summary_large_image","twitter_misc":{"Est. reading time":"3 minutos"},"schema":{"@context":"https:\/\/schema.org","@graph":[{"@type":"WebPage","@id":"https:\/\/mavroinjurylaw.com\/terms-conditions\/","url":"https:\/\/mavroinjurylaw.com\/terms-conditions\/","name":"Terms & Conditions | Felipe Mavromatis","isPartOf":{"@id":"https:\/\/mavroinjurylaw.com\/#website"},"datePublished":"2024-11-21T17:00:17+00:00","dateModified":"2025-06-15T22:12:17+00:00","breadcrumb":{"@id":"https:\/\/mavroinjurylaw.com\/terms-conditions\/#breadcrumb"},"inLanguage":"es","potentialAction":[{"@type":"ReadAction","target":["https:\/\/mavroinjurylaw.com\/terms-conditions\/"]}]},{"@type":"BreadcrumbList","@id":"https:\/\/mavroinjurylaw.com\/terms-conditions\/#breadcrumb","itemListElement":[{"@type":"ListItem","position":1,"name":"Home","item":"https:\/\/mavroinjurylaw.com\/"},{"@type":"ListItem","position":2,"name":"Terms &#038; Conditions"}]},{"@type":"WebSite","@id":"https:\/\/mavroinjurylaw.com\/#website","url":"https:\/\/mavroinjurylaw.com\/","name":"Felipe Mavromatis","description":"Abogado brasile\u00f1o en Florida","publisher":{"@id":"https:\/\/mavroinjurylaw.com\/#\/schema\/person\/1ef4ad05d80110ed7383af76ef749282"},"potentialAction":[{"@type":"SearchAction","target":{"@type":"EntryPoint","urlTemplate":"https:\/\/mavroinjurylaw.com\/?s={search_term_string}"},"query-input":{"@type":"PropertyValueSpecification","valueRequired":true,"valueName":"search_term_string"}}],"inLanguage":"es"},{"@type":["Person","Organization"],"@id":"https:\/\/mavroinjurylaw.com\/#\/schema\/person\/1ef4ad05d80110ed7383af76ef749282","name":"felipe.mavro","image":{"@type":"ImageObject","inLanguage":"es","@id":"https:\/\/wemovecases.com\/wp-content\/uploads\/2023\/02\/logo3.png","url":"https:\/\/wemovecases.com\/wp-content\/uploads\/2023\/02\/logo3.png","contentUrl":"https:\/\/wemovecases.com\/wp-content\/uploads\/2023\/02\/logo3.png","width":311,"height":71,"caption":"felipe.mavro"},"logo":{"@id":"https:\/\/wemovecases.com\/wp-content\/uploads\/2023\/02\/logo3.png"}}]}},"jetpack_sharing_enabled":true,"_links":{"self":[{"href":"https:\/\/mavroinjurylaw.com\/es\/wp-json\/wp\/v2\/pages\/159","targetHints":{"allow":["GET"]}}],"collection":[{"href":"https:\/\/mavroinjurylaw.com\/es\/wp-json\/wp\/v2\/pages"}],"about":[{"href":"https:\/\/mavroinjurylaw.com\/es\/wp-json\/wp\/v2\/types\/page"}],"author":[{"embeddable":true,"href":"https:\/\/mavroinjurylaw.com\/es\/wp-json\/wp\/v2\/users\/1"}],"replies":[{"embeddable":true,"href":"https:\/\/mavroinjurylaw.com\/es\/wp-json\/wp\/v2\/comments?post=159"}],"version-history":[{"count":3,"href":"https:\/\/mavroinjurylaw.com\/es\/wp-json\/wp\/v2\/pages\/159\/revisions"}],"predecessor-version":[{"id":990757,"href":"https:\/\/mavroinjurylaw.com\/es\/wp-json\/wp\/v2\/pages\/159\/revisions\/990757"}],"wp:attachment":[{"href":"https:\/\/mavroinjurylaw.com\/es\/wp-json\/wp\/v2\/media?parent=159"}],"wp:term":[{"taxonomy":"category","embeddable":true,"href":"https:\/\/mavroinjurylaw.com\/es\/wp-json\/wp\/v2\/categories?post=159"},{"taxonomy":"post_tag","embeddable":true,"href":"https:\/\/mavroinjurylaw.com\/es\/wp-json\/wp\/v2\/tags?post=159"}],"curies":[{"name":"wp","href":"https:\/\/api.w.org\/{rel}","templated":true}]}}