{"id":161,"date":"2024-11-21T17:00:55","date_gmt":"2024-11-21T17:00:55","guid":{"rendered":"https:\/\/avvocato.vamtam.com\/?page_id=161"},"modified":"2025-03-15T00:31:29","modified_gmt":"2025-03-15T00:31:29","slug":"privacy-policy","status":"publish","type":"page","link":"https:\/\/mavroinjurylaw.com\/es\/privacy-policy\/","title":{"rendered":"Pol\u00edtica De Privacidad"},"content":{"rendered":"<div data-elementor-type=\"wp-page\" data-elementor-id=\"161\" class=\"elementor elementor-161\" data-elementor-post-type=\"page\">\n\t\t\t\t\t\t<section class=\"elementor-section elementor-top-section elementor-element elementor-element-1605c8ea elementor-section-boxed elementor-section-height-default elementor-section-height-default\" data-id=\"1605c8ea\" data-element_type=\"section\" data-e-type=\"section\">\n\t\t\t\t\t\t<div class=\"elementor-container elementor-column-gap-no\">\n\t\t\t\t\t<div class=\"elementor-column elementor-col-50 elementor-top-column elementor-element elementor-element-7fcc2c82\" data-id=\"7fcc2c82\" data-element_type=\"column\" data-e-type=\"column\">\n\t\t\t<div class=\"elementor-widget-wrap elementor-element-populated\">\n\t\t\t\t\t\t\t<\/div>\n\t\t<\/div>\n\t\t\t\t<div class=\"elementor-column elementor-col-50 elementor-top-column elementor-element elementor-element-22a470e3\" data-id=\"22a470e3\" data-element_type=\"column\" data-e-type=\"column\">\n\t\t\t<div class=\"elementor-widget-wrap\">\n\t\t\t\t\t\t\t<\/div>\n\t\t<\/div>\n\t\t\t\t\t<\/div>\n\t\t<\/section>\n\t\t\t\t<section class=\"elementor-section elementor-top-section elementor-element elementor-element-b1fbfb5 elementor-section-boxed elementor-section-height-default elementor-section-height-default\" data-id=\"b1fbfb5\" data-element_type=\"section\" data-e-type=\"section\">\n\t\t\t\t\t\t<div class=\"elementor-container elementor-column-gap-no\">\n\t\t\t\t\t<div class=\"elementor-column elementor-col-100 elementor-top-column elementor-element elementor-element-309aad45\" data-id=\"309aad45\" data-element_type=\"column\" data-e-type=\"column\">\n\t\t\t<div class=\"elementor-widget-wrap elementor-element-populated\">\n\t\t\t\t\t\t<div class=\"vamtam-has-theme-widget-styles elementor-element elementor-element-2b8086a4 elementor-widget elementor-widget-text-editor\" data-id=\"2b8086a4\" data-element_type=\"widget\" data-e-type=\"widget\" data-widget_type=\"text-editor.default\">\n\t\t\t\t<div class=\"elementor-widget-container\">\n\t\t\t\t\t\t\t\t\t<p><strong>Fecha de entrada en vigor:<\/strong> 03\/14\/2025<br \/>Mavro Injury Law se compromete a proteger su privacidad. Esta Pol\u00edtica de Privacidad describe c\u00f3mo recopilamos, utilizamos, divulgamos y protegemos su informaci\u00f3n cuando visita nuestro sitio web.<\/p><p>Al utilizar este sitio web, usted acepta los t\u00e9rminos descritos en esta Pol\u00edtica de privacidad. Si no est\u00e1 de acuerdo, le rogamos que se abstenga de utilizar este sitio.<\/p>\t\t\t\t\t\t\t\t<\/div>\n\t\t\t\t<\/div>\n\t\t\t\t<div class=\"elementor-element elementor-element-10aadea elementor-widget elementor-widget-heading\" data-id=\"10aadea\" data-element_type=\"widget\" data-e-type=\"widget\" data-widget_type=\"heading.default\">\n\t\t\t\t<div class=\"elementor-widget-container\">\n\t\t\t\t\t<h3 class=\"elementor-heading-title elementor-size-default\">1. Informaci\u00f3n que recopilamos<\/h3>\t\t\t\t<\/div>\n\t\t\t\t<\/div>\n\t\t\t\t<div class=\"vamtam-has-theme-widget-styles elementor-element elementor-element-5c10738f elementor-widget elementor-widget-text-editor\" data-id=\"5c10738f\" data-element_type=\"widget\" data-e-type=\"widget\" data-widget_type=\"text-editor.default\">\n\t\t\t\t<div class=\"elementor-widget-container\">\n\t\t\t\t\t\t\t\t\t<p>Podemos recopilar los siguientes tipos de informaci\u00f3n cuando visita nuestro sitio web:<\/p><p><strong>1.1 Informaci\u00f3n personal<\/strong><\/p><ul><li>Nombre, direcci\u00f3n de correo electr\u00f3nico, n\u00famero de tel\u00e9fono y cualquier informaci\u00f3n adicional que proporcione a trav\u00e9s de formularios (por ejemplo, solicitudes de contacto o consulta).<\/li><\/ul><p><strong>1.2 Informaci\u00f3n no personal<\/strong><\/p><ul><li>Direcci\u00f3n IP, tipo de navegador, tipo de dispositivo, sistema operativo y comportamiento de navegaci\u00f3n.<\/li><\/ul><p><strong>1.3 Cookies y tecnolog\u00edas de seguimiento<\/strong><\/p><ul><li>Utilizamos cookies y tecnolog\u00edas de seguimiento similares para mejorar su experiencia. Estas pueden recopilar datos sobre c\u00f3mo interact\u00faa con nuestro sitio, incluyendo las p\u00e1ginas visitadas, el tiempo dedicado al sitio y los enlaces en los que ha hecho clic.<\/li><\/ul>\t\t\t\t\t\t\t\t<\/div>\n\t\t\t\t<\/div>\n\t\t\t\t<div class=\"elementor-element elementor-element-58926741 elementor-widget elementor-widget-heading\" data-id=\"58926741\" data-element_type=\"widget\" data-e-type=\"widget\" data-widget_type=\"heading.default\">\n\t\t\t\t<div class=\"elementor-widget-container\">\n\t\t\t\t\t<h3 class=\"elementor-heading-title elementor-size-default\">2. C\u00f3mo utilizamos su informaci\u00f3n<\/h3>\t\t\t\t<\/div>\n\t\t\t\t<\/div>\n\t\t\t\t<div class=\"vamtam-has-theme-widget-styles elementor-element elementor-element-5136ef11 elementor-widget elementor-widget-text-editor\" data-id=\"5136ef11\" data-element_type=\"widget\" data-e-type=\"widget\" data-widget_type=\"text-editor.default\">\n\t\t\t\t<div class=\"elementor-widget-container\">\n\t\t\t\t\t\t\t\t\t<p>Podemos utilizar la informaci\u00f3n recopilada para los siguientes fines:<\/p><ul><li>Para responder a las consultas enviadas a trav\u00e9s de los formularios de contacto.<\/li><li>Proporcionar consultas legales u otros servicios solicitados.<\/li><li>Analizar el rendimiento del sitio web y mejorar la experiencia del usuario.<\/li><li>Para enviar actualizaciones, boletines informativos o materiales promocionales (solo si el usuario da su consentimiento).<\/li><li>Para cumplir con obligaciones legales o proteger nuestros derechos legales.<\/li><li>No se compartir\u00e1 informaci\u00f3n m\u00f3vil con terceros\/afiliados con fines de mercadotecnia\/promocionales. Todas las dem\u00e1s categor\u00edas excluyen los datos y el consentimiento del remitente de mensajes de texto; esta informaci\u00f3n no se compartir\u00e1 con terceros.<\/li><\/ul>\t\t\t\t\t\t\t\t<\/div>\n\t\t\t\t<\/div>\n\t\t\t\t<div class=\"elementor-element elementor-element-5e430ed7 elementor-widget elementor-widget-heading\" data-id=\"5e430ed7\" data-element_type=\"widget\" data-e-type=\"widget\" data-widget_type=\"heading.default\">\n\t\t\t\t<div class=\"elementor-widget-container\">\n\t\t\t\t\t<h3 class=\"elementor-heading-title elementor-size-default\">3. Compartir su informaci\u00f3n<\/h3>\t\t\t\t<\/div>\n\t\t\t\t<\/div>\n\t\t\t\t<div class=\"vamtam-has-theme-widget-styles elementor-element elementor-element-622bb701 elementor-widget elementor-widget-text-editor\" data-id=\"622bb701\" data-element_type=\"widget\" data-e-type=\"widget\" data-widget_type=\"text-editor.default\">\n\t\t\t\t<div class=\"elementor-widget-container\">\n\t\t\t\t\t\t\t\t\t<p>No vendemos ni alquilamos su informaci\u00f3n personal a terceros. Sin embargo, podemos compartir su informaci\u00f3n en los siguientes casos:<\/p><ul><li>Con proveedores de servicios: terceros de confianza que nos ayudan con el alojamiento del sitio web, el an\u00e1lisis u otros servicios esenciales para el funcionamiento del sitio web.<\/li><li>Requisitos legales: Si as\u00ed lo exige la ley o para cumplir con procesos legales.<\/li><li>Socios legales: Proporcionar su informaci\u00f3n a socios legales externos con el fin de atender mejor sus necesidades legales.<\/li><\/ul>\t\t\t\t\t\t\t\t<\/div>\n\t\t\t\t<\/div>\n\t\t\t\t<div class=\"elementor-element elementor-element-531339fc elementor-widget elementor-widget-heading\" data-id=\"531339fc\" data-element_type=\"widget\" data-e-type=\"widget\" data-widget_type=\"heading.default\">\n\t\t\t\t<div class=\"elementor-widget-container\">\n\t\t\t\t\t<h3 class=\"elementor-heading-title elementor-size-default\">4. Enlaces de terceros<\/h3>\t\t\t\t<\/div>\n\t\t\t\t<\/div>\n\t\t\t\t<div class=\"vamtam-has-theme-widget-styles elementor-element elementor-element-7ef4734 elementor-widget elementor-widget-text-editor\" data-id=\"7ef4734\" data-element_type=\"widget\" data-e-type=\"widget\" data-widget_type=\"text-editor.default\">\n\t\t\t\t<div class=\"elementor-widget-container\">\n\t\t\t\t\t\t\t\t\t<p>Nuestro sitio web puede contener enlaces a sitios web de terceros. No nos hacemos responsables de las pr\u00e1cticas de privacidad ni del contenido de estos sitios externos. Recomendamos a los usuarios que revisen las pol\u00edticas de privacidad de cualquier sitio web de terceros que visiten.<\/p>\t\t\t\t\t\t\t\t<\/div>\n\t\t\t\t<\/div>\n\t\t\t\t<div class=\"elementor-element elementor-element-12a603d3 elementor-widget elementor-widget-heading\" data-id=\"12a603d3\" data-element_type=\"widget\" data-e-type=\"widget\" data-widget_type=\"heading.default\">\n\t\t\t\t<div class=\"elementor-widget-container\">\n\t\t\t\t\t<h3 class=\"elementor-heading-title elementor-size-default\">5. Cookies y tecnolog\u00edas de seguimiento<\/h3>\t\t\t\t<\/div>\n\t\t\t\t<\/div>\n\t\t\t\t<div class=\"vamtam-has-theme-widget-styles elementor-element elementor-element-7b4bb2e9 elementor-widget elementor-widget-text-editor\" data-id=\"7b4bb2e9\" data-element_type=\"widget\" data-e-type=\"widget\" data-widget_type=\"text-editor.default\">\n\t\t\t\t<div class=\"elementor-widget-container\">\n\t\t\t\t\t\t\t\t\t<p>Las cookies son peque\u00f1os archivos que se almacenan en su dispositivo para mejorar la funcionalidad del sitio web y la experiencia del usuario. Los tipos de cookies que podemos utilizar incluyen:<\/p><ul><li>Cookies esenciales: necesarias para el funcionamiento del sitio web.<\/li><li>Cookies de rendimiento: nos ayudan a comprender c\u00f3mo utilizan el sitio los visitantes.<\/li><li>Cookies publicitarias: se utilizan para ofrecer anuncios relevantes y realizar un seguimiento de la interacci\u00f3n.<\/li><\/ul><p>Puede administrar sus preferencias de cookies a trav\u00e9s de la configuraci\u00f3n de su navegador. Sin embargo, desactivar las cookies puede afectar su experiencia de usuario.<\/p>\t\t\t\t\t\t\t\t<\/div>\n\t\t\t\t<\/div>\n\t\t\t\t<div class=\"elementor-element elementor-element-210b697a elementor-widget elementor-widget-heading\" data-id=\"210b697a\" data-element_type=\"widget\" data-e-type=\"widget\" data-widget_type=\"heading.default\">\n\t\t\t\t<div class=\"elementor-widget-container\">\n\t\t\t\t\t<h3 class=\"elementor-heading-title elementor-size-default\">6. Retenci\u00f3n de datos<\/h3>\t\t\t\t<\/div>\n\t\t\t\t<\/div>\n\t\t\t\t<div class=\"vamtam-has-theme-widget-styles elementor-element elementor-element-cf3e3e7 elementor-widget elementor-widget-text-editor\" data-id=\"cf3e3e7\" data-element_type=\"widget\" data-e-type=\"widget\" data-widget_type=\"text-editor.default\">\n\t\t\t\t<div class=\"elementor-widget-container\">\n\t\t\t\t\t\t\t\t\t<p>Conservamos la informaci\u00f3n personal solo durante el tiempo necesario para cumplir con los fines descritos en esta pol\u00edtica o seg\u00fan lo exija la ley.<\/p>\t\t\t\t\t\t\t\t<\/div>\n\t\t\t\t<\/div>\n\t\t\t\t<div class=\"elementor-element elementor-element-5757281c elementor-widget elementor-widget-heading\" data-id=\"5757281c\" data-element_type=\"widget\" data-e-type=\"widget\" data-widget_type=\"heading.default\">\n\t\t\t\t<div class=\"elementor-widget-container\">\n\t\t\t\t\t<h3 class=\"elementor-heading-title elementor-size-default\">7. Seguridad<\/h3>\t\t\t\t<\/div>\n\t\t\t\t<\/div>\n\t\t\t\t<div class=\"vamtam-has-theme-widget-styles elementor-element elementor-element-61c57bcc elementor-widget elementor-widget-text-editor\" data-id=\"61c57bcc\" data-element_type=\"widget\" data-e-type=\"widget\" data-widget_type=\"text-editor.default\">\n\t\t\t\t<div class=\"elementor-widget-container\">\n\t\t\t\t\t\t\t\t\t<p>Implementamos medidas t\u00e9cnicas y organizativas adecuadas para proteger su informaci\u00f3n. Sin embargo, ning\u00fan m\u00e9todo de transmisi\u00f3n por Internet o almacenamiento electr\u00f3nico es 100 % seguro. Aunque nos esforzamos por proteger sus datos personales, no podemos garantizar su seguridad absoluta.<\/p>\t\t\t\t\t\t\t\t<\/div>\n\t\t\t\t<\/div>\n\t\t\t\t<div class=\"elementor-element elementor-element-64fdd5fc elementor-widget elementor-widget-heading\" data-id=\"64fdd5fc\" data-element_type=\"widget\" data-e-type=\"widget\" data-widget_type=\"heading.default\">\n\t\t\t\t<div class=\"elementor-widget-container\">\n\t\t\t\t\t<h3 class=\"elementor-heading-title elementor-size-default\">8. Sus derechos<\/h3>\t\t\t\t<\/div>\n\t\t\t\t<\/div>\n\t\t\t\t<div class=\"vamtam-has-theme-widget-styles elementor-element elementor-element-3ade88c8 elementor-widget elementor-widget-text-editor\" data-id=\"3ade88c8\" data-element_type=\"widget\" data-e-type=\"widget\" data-widget_type=\"text-editor.default\">\n\t\t\t\t<div class=\"elementor-widget-container\">\n\t\t\t\t\t\t\t\t\t<p>Dependiendo de su ubicaci\u00f3n, es posible que tenga los siguientes derechos con respecto a su informaci\u00f3n personal:<\/p><ul><li>Acceso a los datos que hemos recopilado sobre usted.<\/li><li>Solicite la correcci\u00f3n o eliminaci\u00f3n de sus datos.<\/li><li>Oponerse al tratamiento de sus datos o retirar su consentimiento.<\/li><li>Presentar una queja ante la autoridad competente en materia de protecci\u00f3n de datos.<\/li><\/ul><p>Para ejercer sus derechos, p\u00f3ngase en contacto con nosotros.<\/p>\t\t\t\t\t\t\t\t<\/div>\n\t\t\t\t<\/div>\n\t\t\t\t<div class=\"elementor-element elementor-element-e67958e elementor-widget elementor-widget-heading\" data-id=\"e67958e\" data-element_type=\"widget\" data-e-type=\"widget\" data-widget_type=\"heading.default\">\n\t\t\t\t<div class=\"elementor-widget-container\">\n\t\t\t\t\t<h3 class=\"elementor-heading-title elementor-size-default\">9. Cambios en esta Pol\u00edtica de Privacidad<\/h3>\t\t\t\t<\/div>\n\t\t\t\t<\/div>\n\t\t\t\t<div class=\"vamtam-has-theme-widget-styles elementor-element elementor-element-02a93ea elementor-widget elementor-widget-text-editor\" data-id=\"02a93ea\" data-element_type=\"widget\" data-e-type=\"widget\" data-widget_type=\"text-editor.default\">\n\t\t\t\t<div class=\"elementor-widget-container\">\n\t\t\t\t\t\t\t\t\t<p>Podemos actualizar esta Pol\u00edtica de Privacidad peri\u00f3dicamente. Cualquier cambio se publicar\u00e1 en esta p\u00e1gina con una fecha de entrada en vigor actualizada. Le recomendamos que revise esta pol\u00edtica con regularidad.<\/p>\t\t\t\t\t\t\t\t<\/div>\n\t\t\t\t<\/div>\n\t\t\t\t\t<\/div>\n\t\t<\/div>\n\t\t\t\t\t<\/div>\n\t\t<\/section>\n\t\t\t\t<\/div>","protected":false},"excerpt":{"rendered":"<p>Effective Date: 03\/14\/2025Mavro Injury Law is committed to protecting your privacy. This Privacy Policy outlines how we collect, use, disclose, and safeguard your information when you visit our website. By using this website, you agree to the terms outlined in this Privacy Policy. If you do not agree, please refrain from using this site. 1&#8230;.<\/p>","protected":false},"author":1,"featured_media":0,"parent":0,"menu_order":0,"comment_status":"closed","ping_status":"closed","template":"","meta":{"nf_dc_page":"","footnotes":""},"categories":[9],"tags":[56],"class_list":["post-161","page","type-page","status-publish","hentry","category-blog","tag-no-search"],"yoast_head":"<!-- This site is optimized with the Yoast SEO plugin v27.4 - https:\/\/yoast.com\/product\/yoast-seo-wordpress\/ -->\n<title>Privacy Policy | Felipe Mavromatis<\/title>\n<meta name=\"robots\" content=\"index, follow, max-snippet:-1, max-image-preview:large, max-video-preview:-1\" \/>\n<link rel=\"canonical\" href=\"https:\/\/mavroinjurylaw.com\/es\/privacy-policy\/\" \/>\n<meta property=\"og:locale\" content=\"es_ES\" \/>\n<meta property=\"og:type\" content=\"article\" \/>\n<meta property=\"og:title\" content=\"Privacy Policy | Felipe Mavromatis\" \/>\n<meta property=\"og:description\" content=\"Effective Date: 03\/14\/2025Mavro Injury Law is committed to protecting your privacy. This Privacy Policy outlines how we collect, use, disclose, and safeguard your information when you visit our website. By using this website, you agree to the terms outlined in this Privacy Policy. If you do not agree, please refrain from using this site. 1....\" \/>\n<meta property=\"og:url\" content=\"https:\/\/mavroinjurylaw.com\/es\/privacy-policy\/\" \/>\n<meta property=\"og:site_name\" content=\"Felipe Mavromatis\" \/>\n<meta property=\"article:modified_time\" content=\"2025-03-15T00:31:29+00:00\" \/>\n<meta name=\"twitter:card\" content=\"summary_large_image\" \/>\n<meta name=\"twitter:label1\" content=\"Est. reading time\" \/>\n\t<meta name=\"twitter:data1\" content=\"3 minutos\" \/>\n<script type=\"application\/ld+json\" class=\"yoast-schema-graph\">{\"@context\":\"https:\\\/\\\/schema.org\",\"@graph\":[{\"@type\":\"WebPage\",\"@id\":\"https:\\\/\\\/mavroinjurylaw.com\\\/privacy-policy\\\/\",\"url\":\"https:\\\/\\\/mavroinjurylaw.com\\\/privacy-policy\\\/\",\"name\":\"Privacy Policy | Felipe Mavromatis\",\"isPartOf\":{\"@id\":\"https:\\\/\\\/mavroinjurylaw.com\\\/#website\"},\"datePublished\":\"2024-11-21T17:00:55+00:00\",\"dateModified\":\"2025-03-15T00:31:29+00:00\",\"breadcrumb\":{\"@id\":\"https:\\\/\\\/mavroinjurylaw.com\\\/privacy-policy\\\/#breadcrumb\"},\"inLanguage\":\"es\",\"potentialAction\":[{\"@type\":\"ReadAction\",\"target\":[\"https:\\\/\\\/mavroinjurylaw.com\\\/privacy-policy\\\/\"]}]},{\"@type\":\"BreadcrumbList\",\"@id\":\"https:\\\/\\\/mavroinjurylaw.com\\\/privacy-policy\\\/#breadcrumb\",\"itemListElement\":[{\"@type\":\"ListItem\",\"position\":1,\"name\":\"Home\",\"item\":\"https:\\\/\\\/mavroinjurylaw.com\\\/\"},{\"@type\":\"ListItem\",\"position\":2,\"name\":\"Privacy Policy\"}]},{\"@type\":\"WebSite\",\"@id\":\"https:\\\/\\\/mavroinjurylaw.com\\\/#website\",\"url\":\"https:\\\/\\\/mavroinjurylaw.com\\\/\",\"name\":\"Felipe Mavromatis\",\"description\":\"Advogado Brasileiro Florida\",\"publisher\":{\"@id\":\"https:\\\/\\\/mavroinjurylaw.com\\\/#\\\/schema\\\/person\\\/1ef4ad05d80110ed7383af76ef749282\"},\"potentialAction\":[{\"@type\":\"SearchAction\",\"target\":{\"@type\":\"EntryPoint\",\"urlTemplate\":\"https:\\\/\\\/mavroinjurylaw.com\\\/?s={search_term_string}\"},\"query-input\":{\"@type\":\"PropertyValueSpecification\",\"valueRequired\":true,\"valueName\":\"search_term_string\"}}],\"inLanguage\":\"es\"},{\"@type\":[\"Person\",\"Organization\"],\"@id\":\"https:\\\/\\\/mavroinjurylaw.com\\\/#\\\/schema\\\/person\\\/1ef4ad05d80110ed7383af76ef749282\",\"name\":\"felipe.mavro\",\"image\":{\"@type\":\"ImageObject\",\"inLanguage\":\"es\",\"@id\":\"https:\\\/\\\/wemovecases.com\\\/wp-content\\\/uploads\\\/2023\\\/02\\\/logo3.png\",\"url\":\"https:\\\/\\\/wemovecases.com\\\/wp-content\\\/uploads\\\/2023\\\/02\\\/logo3.png\",\"contentUrl\":\"https:\\\/\\\/wemovecases.com\\\/wp-content\\\/uploads\\\/2023\\\/02\\\/logo3.png\",\"width\":311,\"height\":71,\"caption\":\"felipe.mavro\"},\"logo\":{\"@id\":\"https:\\\/\\\/wemovecases.com\\\/wp-content\\\/uploads\\\/2023\\\/02\\\/logo3.png\"}}]}<\/script>\n<!-- \/ Yoast SEO plugin. -->","yoast_head_json":{"title":"Privacy Policy | Felipe Mavromatis","robots":{"index":"index","follow":"follow","max-snippet":"max-snippet:-1","max-image-preview":"max-image-preview:large","max-video-preview":"max-video-preview:-1"},"canonical":"https:\/\/mavroinjurylaw.com\/es\/privacy-policy\/","og_locale":"es_ES","og_type":"article","og_title":"Privacy Policy | Felipe Mavromatis","og_description":"Effective Date: 03\/14\/2025Mavro Injury Law is committed to protecting your privacy. This Privacy Policy outlines how we collect, use, disclose, and safeguard your information when you visit our website. By using this website, you agree to the terms outlined in this Privacy Policy. If you do not agree, please refrain from using this site. 1....","og_url":"https:\/\/mavroinjurylaw.com\/es\/privacy-policy\/","og_site_name":"Felipe Mavromatis","article_modified_time":"2025-03-15T00:31:29+00:00","twitter_card":"summary_large_image","twitter_misc":{"Est. reading time":"3 minutos"},"schema":{"@context":"https:\/\/schema.org","@graph":[{"@type":"WebPage","@id":"https:\/\/mavroinjurylaw.com\/privacy-policy\/","url":"https:\/\/mavroinjurylaw.com\/privacy-policy\/","name":"Privacy Policy | Felipe Mavromatis","isPartOf":{"@id":"https:\/\/mavroinjurylaw.com\/#website"},"datePublished":"2024-11-21T17:00:55+00:00","dateModified":"2025-03-15T00:31:29+00:00","breadcrumb":{"@id":"https:\/\/mavroinjurylaw.com\/privacy-policy\/#breadcrumb"},"inLanguage":"es","potentialAction":[{"@type":"ReadAction","target":["https:\/\/mavroinjurylaw.com\/privacy-policy\/"]}]},{"@type":"BreadcrumbList","@id":"https:\/\/mavroinjurylaw.com\/privacy-policy\/#breadcrumb","itemListElement":[{"@type":"ListItem","position":1,"name":"Home","item":"https:\/\/mavroinjurylaw.com\/"},{"@type":"ListItem","position":2,"name":"Privacy Policy"}]},{"@type":"WebSite","@id":"https:\/\/mavroinjurylaw.com\/#website","url":"https:\/\/mavroinjurylaw.com\/","name":"Felipe Mavromatis","description":"Abogado brasile\u00f1o en Florida","publisher":{"@id":"https:\/\/mavroinjurylaw.com\/#\/schema\/person\/1ef4ad05d80110ed7383af76ef749282"},"potentialAction":[{"@type":"SearchAction","target":{"@type":"EntryPoint","urlTemplate":"https:\/\/mavroinjurylaw.com\/?s={search_term_string}"},"query-input":{"@type":"PropertyValueSpecification","valueRequired":true,"valueName":"search_term_string"}}],"inLanguage":"es"},{"@type":["Person","Organization"],"@id":"https:\/\/mavroinjurylaw.com\/#\/schema\/person\/1ef4ad05d80110ed7383af76ef749282","name":"felipe.mavro","image":{"@type":"ImageObject","inLanguage":"es","@id":"https:\/\/wemovecases.com\/wp-content\/uploads\/2023\/02\/logo3.png","url":"https:\/\/wemovecases.com\/wp-content\/uploads\/2023\/02\/logo3.png","contentUrl":"https:\/\/wemovecases.com\/wp-content\/uploads\/2023\/02\/logo3.png","width":311,"height":71,"caption":"felipe.mavro"},"logo":{"@id":"https:\/\/wemovecases.com\/wp-content\/uploads\/2023\/02\/logo3.png"}}]}},"jetpack_sharing_enabled":true,"_links":{"self":[{"href":"https:\/\/mavroinjurylaw.com\/es\/wp-json\/wp\/v2\/pages\/161","targetHints":{"allow":["GET"]}}],"collection":[{"href":"https:\/\/mavroinjurylaw.com\/es\/wp-json\/wp\/v2\/pages"}],"about":[{"href":"https:\/\/mavroinjurylaw.com\/es\/wp-json\/wp\/v2\/types\/page"}],"author":[{"embeddable":true,"href":"https:\/\/mavroinjurylaw.com\/es\/wp-json\/wp\/v2\/users\/1"}],"replies":[{"embeddable":true,"href":"https:\/\/mavroinjurylaw.com\/es\/wp-json\/wp\/v2\/comments?post=161"}],"version-history":[{"count":3,"href":"https:\/\/mavroinjurylaw.com\/es\/wp-json\/wp\/v2\/pages\/161\/revisions"}],"predecessor-version":[{"id":990725,"href":"https:\/\/mavroinjurylaw.com\/es\/wp-json\/wp\/v2\/pages\/161\/revisions\/990725"}],"wp:attachment":[{"href":"https:\/\/mavroinjurylaw.com\/es\/wp-json\/wp\/v2\/media?parent=161"}],"wp:term":[{"taxonomy":"category","embeddable":true,"href":"https:\/\/mavroinjurylaw.com\/es\/wp-json\/wp\/v2\/categories?post=161"},{"taxonomy":"post_tag","embeddable":true,"href":"https:\/\/mavroinjurylaw.com\/es\/wp-json\/wp\/v2\/tags?post=161"}],"curies":[{"name":"wp","href":"https:\/\/api.w.org\/{rel}","templated":true}]}}