{"id":159,"date":"2024-11-21T17:00:17","date_gmt":"2024-11-21T17:00:17","guid":{"rendered":"https:\/\/avvocato.vamtam.com\/?page_id=159"},"modified":"2025-06-15T22:12:17","modified_gmt":"2025-06-15T22:12:17","slug":"terms-conditions","status":"publish","type":"page","link":"https:\/\/mavroinjurylaw.com\/pt\/terms-conditions\/","title":{"rendered":"Termos &amp; Condi\u00e7\u00f5es"},"content":{"rendered":"<div data-elementor-type=\"wp-page\" data-elementor-id=\"159\" class=\"elementor elementor-159\" data-elementor-post-type=\"page\">\n\t\t\t\t\t\t<section class=\"elementor-section elementor-top-section elementor-element elementor-element-3a54afe elementor-section-boxed elementor-section-height-default elementor-section-height-default\" data-id=\"3a54afe\" data-element_type=\"section\" data-e-type=\"section\">\n\t\t\t\t\t\t<div class=\"elementor-container elementor-column-gap-no\">\n\t\t\t\t\t<div class=\"elementor-column elementor-col-50 elementor-top-column elementor-element elementor-element-b717a84\" data-id=\"b717a84\" data-element_type=\"column\" data-e-type=\"column\">\n\t\t\t<div class=\"elementor-widget-wrap elementor-element-populated\">\n\t\t\t\t\t\t\t<\/div>\n\t\t<\/div>\n\t\t\t\t<div class=\"elementor-column elementor-col-50 elementor-top-column elementor-element elementor-element-37248c8\" data-id=\"37248c8\" data-element_type=\"column\" data-e-type=\"column\">\n\t\t\t<div class=\"elementor-widget-wrap\">\n\t\t\t\t\t\t\t<\/div>\n\t\t<\/div>\n\t\t\t\t\t<\/div>\n\t\t<\/section>\n\t\t\t\t<section class=\"elementor-section elementor-top-section elementor-element elementor-element-2fc07a1b elementor-section-boxed elementor-section-height-default elementor-section-height-default\" data-id=\"2fc07a1b\" data-element_type=\"section\" data-e-type=\"section\">\n\t\t\t\t\t\t<div class=\"elementor-container elementor-column-gap-no\">\n\t\t\t\t\t<div class=\"elementor-column elementor-col-100 elementor-top-column elementor-element elementor-element-2a196368\" data-id=\"2a196368\" data-element_type=\"column\" data-e-type=\"column\">\n\t\t\t<div class=\"elementor-widget-wrap elementor-element-populated\">\n\t\t\t\t\t\t<div class=\"elementor-element elementor-element-78526b63 elementor-widget elementor-widget-heading\" data-id=\"78526b63\" data-element_type=\"widget\" data-e-type=\"widget\" data-widget_type=\"heading.default\">\n\t\t\t\t<div class=\"elementor-widget-container\">\n\t\t\t\t\t<h3 class=\"elementor-heading-title elementor-size-default\">Aviso Legal<\/h3>\t\t\t\t<\/div>\n\t\t\t\t<\/div>\n\t\t\t\t<div class=\"vamtam-has-theme-widget-styles elementor-element elementor-element-5fb91356 elementor-widget elementor-widget-text-editor\" data-id=\"5fb91356\" data-element_type=\"widget\" data-e-type=\"widget\" data-widget_type=\"text-editor.default\">\n\t\t\t\t<div class=\"elementor-widget-container\">\n\t\t\t\t\t\t\t\t\t<p>Estes termos e condi\u00e7\u00f5es descrevem as regras e regulamentos para o uso do site de Felipe Mavromatis e de qualquer informa\u00e7\u00e3o ou material nele contido. Ao acessar ou utilizar este site, voc\u00ea concorda com estes termos. Se n\u00e3o concordar, por favor, n\u00e3o utilize o site.<\/p><p>Clientes que contratam Felipe Mavromatis e\/ou o escrit\u00f3rio Mavro Injury Law, PA para auxili\u00e1-los com suas reivindica\u00e7\u00f5es por acidente ou les\u00e3o podem n\u00e3o obter os mesmos resultados financeiros, ou sequer semelhantes, aos mencionados como bem-sucedidos. Os valores informados s\u00e3o anteriores \u00e0 dedu\u00e7\u00e3o de honor\u00e1rios advocat\u00edcios e custos, como os de testemunhas periciais ou despesas m\u00e9dicas relacionadas \u00e0s les\u00f5es dos clientes.<\/p>\t\t\t\t\t\t\t\t<\/div>\n\t\t\t\t<\/div>\n\t\t\t\t<div class=\"elementor-element elementor-element-29d54c7b elementor-widget elementor-widget-heading\" data-id=\"29d54c7b\" data-element_type=\"widget\" data-e-type=\"widget\" data-widget_type=\"heading.default\">\n\t\t\t\t<div class=\"elementor-widget-container\">\n\t\t\t\t\t<h3 class=\"elementor-heading-title elementor-size-default\">Apenas para Fins Informativos<\/h3>\t\t\t\t<\/div>\n\t\t\t\t<\/div>\n\t\t\t\t<div class=\"vamtam-has-theme-widget-styles elementor-element elementor-element-45cc1659 elementor-widget elementor-widget-text-editor\" data-id=\"45cc1659\" data-element_type=\"widget\" data-e-type=\"widget\" data-widget_type=\"text-editor.default\">\n\t\t\t\t<div class=\"elementor-widget-container\">\n\t\t\t\t\t\t\t\t\t<p>O conte\u00fado disponibilizado neste site tem finalidade exclusivamente educacional e informativa. N\u00e3o constitui aconselhamento jur\u00eddico e n\u00e3o deve ser tratado como tal. Nenhuma a\u00e7\u00e3o ou omiss\u00e3o deve ser tomada com base nas informa\u00e7\u00f5es encontradas neste site sem antes consultar um advogado qualificado sobre as suas circunst\u00e2ncias espec\u00edficas.<\/p>\t\t\t\t\t\t\t\t<\/div>\n\t\t\t\t<\/div>\n\t\t\t\t<div class=\"elementor-element elementor-element-68eb9ad0 elementor-widget elementor-widget-heading\" data-id=\"68eb9ad0\" data-element_type=\"widget\" data-e-type=\"widget\" data-widget_type=\"heading.default\">\n\t\t\t\t<div class=\"elementor-widget-container\">\n\t\t\t\t\t<h3 class=\"elementor-heading-title elementor-size-default\">Aviso sobre Rela\u00e7\u00e3o Advogado-Cliente<\/h3>\t\t\t\t<\/div>\n\t\t\t\t<\/div>\n\t\t\t\t<div class=\"vamtam-has-theme-widget-styles elementor-element elementor-element-5725bc5 elementor-widget elementor-widget-text-editor\" data-id=\"5725bc5\" data-element_type=\"widget\" data-e-type=\"widget\" data-widget_type=\"text-editor.default\">\n\t\t\t\t<div class=\"elementor-widget-container\">\n\t\t\t\t\t\t\t\t\t<p>Visualizar o conte\u00fado deste site ou enviar perguntas n\u00e3o estabelece uma rela\u00e7\u00e3o advogado-cliente. Isso inclui qualquer contato por meio de formul\u00e1rios, e-mails ou liga\u00e7\u00f5es telef\u00f4nicas. A rela\u00e7\u00e3o advogado-cliente com Felipe Mavromatis somente \u00e9 estabelecida ap\u00f3s a assinatura de um contrato de presta\u00e7\u00e3o de servi\u00e7os por ambas as partes.<\/p><p>Qualquer informa\u00e7\u00e3o compartilhada por meio deste site ser\u00e1 tratada como confidencial e utilizada exclusivamente para fins de avalia\u00e7\u00e3o de uma poss\u00edvel representa\u00e7\u00e3o legal. Se voc\u00ea j\u00e1 estiver sendo representado por um advogado, dever\u00e1 obter o consentimento do seu atual representante antes de entrar em contato com este escrit\u00f3rio.<\/p>\t\t\t\t\t\t\t\t<\/div>\n\t\t\t\t<\/div>\n\t\t\t\t<div class=\"elementor-element elementor-element-6d07ba0c elementor-widget elementor-widget-heading\" data-id=\"6d07ba0c\" data-element_type=\"widget\" data-e-type=\"widget\" data-widget_type=\"heading.default\">\n\t\t\t\t<div class=\"elementor-widget-container\">\n\t\t\t\t\t<h3 class=\"elementor-heading-title elementor-size-default\">Aviso sobre Orienta\u00e7\u00f5es M\u00e9dicas<\/h3>\t\t\t\t<\/div>\n\t\t\t\t<\/div>\n\t\t\t\t<div class=\"vamtam-has-theme-widget-styles elementor-element elementor-element-8938387 elementor-widget elementor-widget-text-editor\" data-id=\"8938387\" data-element_type=\"widget\" data-e-type=\"widget\" data-widget_type=\"text-editor.default\">\n\t\t\t\t<div class=\"elementor-widget-container\">\n\t\t\t\t\t\t\t\t\t<p>Este site n\u00e3o fornece aconselhamento m\u00e9dico, nem se destina a substituir servi\u00e7os profissionais de sa\u00fade. O conte\u00fado disponibilizado \u00e9 informativo e educacional, e n\u00e3o deve substituir o julgamento m\u00e9dico profissional. Sempre consulte um profissional de sa\u00fade licenciado para tratar de quest\u00f5es m\u00e9dicas.<\/p><p>O site n\u00e3o garante a precis\u00e3o ou a integridade de nenhuma informa\u00e7\u00e3o relacionada \u00e0 \u00e1rea m\u00e9dica, incluindo aquelas provenientes de links externos.<\/p>\t\t\t\t\t\t\t\t<\/div>\n\t\t\t\t<\/div>\n\t\t\t\t<div class=\"elementor-element elementor-element-d19c2ba elementor-widget elementor-widget-heading\" data-id=\"d19c2ba\" data-element_type=\"widget\" data-e-type=\"widget\" data-widget_type=\"heading.default\">\n\t\t\t\t<div class=\"elementor-widget-container\">\n\t\t\t\t\t<h3 class=\"elementor-heading-title elementor-size-default\">Limita\u00e7\u00f5es Jurisdicionais e Varia\u00e7\u00f5es nas Leis Estaduais<\/h3>\t\t\t\t<\/div>\n\t\t\t\t<\/div>\n\t\t\t\t<div class=\"vamtam-has-theme-widget-styles elementor-element elementor-element-252a8f36 elementor-widget elementor-widget-text-editor\" data-id=\"252a8f36\" data-element_type=\"widget\" data-e-type=\"widget\" data-widget_type=\"text-editor.default\">\n\t\t\t\t<div class=\"elementor-widget-container\">\n\t\t\t\t\t\t\t\t\t<p>Felipe Mavromatis est\u00e1 licenciado para exercer a advocacia em jurisdi\u00e7\u00f5es espec\u00edficas, principalmente na Fl\u00f3rida. As leis e os estatutos variam de estado para estado, e as informa\u00e7\u00f5es contidas neste site podem n\u00e3o se aplicar a todas as localidades ou casos.<\/p><p>Prazos como o estatuto de limita\u00e7\u00f5es variam de estado para estado, e agir rapidamente \u00e9 fundamental. Entre em contato com um advogado licenciado o quanto antes para garantir que seus direitos legais estejam protegidos.<\/p>\t\t\t\t\t\t\t\t<\/div>\n\t\t\t\t<\/div>\n\t\t\t\t<div class=\"elementor-element elementor-element-f0aabbe elementor-widget elementor-widget-heading\" data-id=\"f0aabbe\" data-element_type=\"widget\" data-e-type=\"widget\" data-widget_type=\"heading.default\">\n\t\t\t\t<div class=\"elementor-widget-container\">\n\t\t\t\t\t<h3 class=\"elementor-heading-title elementor-size-default\">Publicidade de Advogado<\/h3>\t\t\t\t<\/div>\n\t\t\t\t<\/div>\n\t\t\t\t<div class=\"vamtam-has-theme-widget-styles elementor-element elementor-element-ee9bae8 elementor-widget elementor-widget-text-editor\" data-id=\"ee9bae8\" data-element_type=\"widget\" data-e-type=\"widget\" data-widget_type=\"text-editor.default\">\n\t\t\t\t<div class=\"elementor-widget-container\">\n\t\t\t\t\t\t\t\t\t<p>Os materiais contidos neste site podem constituir publicidade de advogado conforme as leis e normas \u00e9ticas aplic\u00e1veis. A escolha de um representante legal \u00e9 uma decis\u00e3o importante e n\u00e3o deve ser baseada exclusivamente em an\u00fancios publicit\u00e1rios.<\/p><p>N\u00e3o s\u00e3o oferecidas garantias ou promessas quanto aos resultados dos casos. Resultados anteriores n\u00e3o asseguram resultados semelhantes em casos futuros. Potenciais clientes s\u00e3o incentivados a avaliar independentemente as credenciais do advogado.<\/p>\t\t\t\t\t\t\t\t<\/div>\n\t\t\t\t<\/div>\n\t\t\t\t<div class=\"elementor-element elementor-element-0b85186 elementor-widget elementor-widget-heading\" data-id=\"0b85186\" data-element_type=\"widget\" data-e-type=\"widget\" data-widget_type=\"heading.default\">\n\t\t\t\t<div class=\"elementor-widget-container\">\n\t\t\t\t\t<h3 class=\"elementor-heading-title elementor-size-default\">Pol\u00edtica De Privacidade<\/h3>\t\t\t\t<\/div>\n\t\t\t\t<\/div>\n\t\t\t\t<div class=\"vamtam-has-theme-widget-styles elementor-element elementor-element-d2b1cef elementor-widget elementor-widget-text-editor\" data-id=\"d2b1cef\" data-element_type=\"widget\" data-e-type=\"widget\" data-widget_type=\"text-editor.default\">\n\t\t\t\t<div class=\"elementor-widget-container\">\n\t\t\t\t\t\t\t\t\t<p>Sua privacidade \u00e9 importante para n\u00f3s. Por favor, revise a Pol\u00edtica de Privacidade dispon\u00edvel neste site, que regula a coleta, o uso e a divulga\u00e7\u00e3o de suas informa\u00e7\u00f5es.<\/p>\t\t\t\t\t\t\t\t<\/div>\n\t\t\t\t<\/div>\n\t\t\t\t\t<\/div>\n\t\t<\/div>\n\t\t\t\t\t<\/div>\n\t\t<\/section>\n\t\t\t\t<\/div>","protected":false},"excerpt":{"rendered":"<p>Disclaimer These terms and conditions outline the rules and regulations for the use of Felipe Mavromatis&#8217;s website and any information or material contained herein. By accessing or using this site, you agree to these terms. If you do not agree, please refrain from using the website. Clients who allow Felipe Mavromatis and\/or Mavro Injury Law,&#8230;<\/p>","protected":false},"author":1,"featured_media":0,"parent":0,"menu_order":0,"comment_status":"closed","ping_status":"closed","template":"","meta":{"nf_dc_page":"","footnotes":""},"categories":[9],"tags":[56],"class_list":["post-159","page","type-page","status-publish","hentry","category-blog","tag-no-search"],"yoast_head":"<!-- This site is optimized with the Yoast SEO plugin v27.4 - https:\/\/yoast.com\/product\/yoast-seo-wordpress\/ -->\n<title>Terms &amp; Conditions | Felipe Mavromatis<\/title>\n<meta name=\"robots\" content=\"index, follow, max-snippet:-1, max-image-preview:large, max-video-preview:-1\" \/>\n<link rel=\"canonical\" href=\"https:\/\/mavroinjurylaw.com\/pt\/terms-conditions\/\" \/>\n<meta property=\"og:locale\" content=\"pt_BR\" \/>\n<meta property=\"og:type\" content=\"article\" \/>\n<meta property=\"og:title\" content=\"Terms &amp; Conditions | Felipe Mavromatis\" \/>\n<meta property=\"og:description\" content=\"Disclaimer These terms and conditions outline the rules and regulations for the use of Felipe Mavromatis&#8217;s website and any information or material contained herein. By accessing or using this site, you agree to these terms. If you do not agree, please refrain from using the website. Clients who allow Felipe Mavromatis and\/or Mavro Injury Law,...\" \/>\n<meta property=\"og:url\" content=\"https:\/\/mavroinjurylaw.com\/pt\/terms-conditions\/\" \/>\n<meta property=\"og:site_name\" content=\"Felipe Mavromatis\" \/>\n<meta property=\"article:modified_time\" content=\"2025-06-15T22:12:17+00:00\" \/>\n<meta name=\"twitter:card\" content=\"summary_large_image\" \/>\n<meta name=\"twitter:label1\" content=\"Est. tempo de leitura\" \/>\n\t<meta name=\"twitter:data1\" content=\"3 minutos\" \/>\n<script type=\"application\/ld+json\" class=\"yoast-schema-graph\">{\"@context\":\"https:\\\/\\\/schema.org\",\"@graph\":[{\"@type\":\"WebPage\",\"@id\":\"https:\\\/\\\/mavroinjurylaw.com\\\/terms-conditions\\\/\",\"url\":\"https:\\\/\\\/mavroinjurylaw.com\\\/terms-conditions\\\/\",\"name\":\"Terms & Conditions | Felipe Mavromatis\",\"isPartOf\":{\"@id\":\"https:\\\/\\\/mavroinjurylaw.com\\\/#website\"},\"datePublished\":\"2024-11-21T17:00:17+00:00\",\"dateModified\":\"2025-06-15T22:12:17+00:00\",\"breadcrumb\":{\"@id\":\"https:\\\/\\\/mavroinjurylaw.com\\\/terms-conditions\\\/#breadcrumb\"},\"inLanguage\":\"pt-BR\",\"potentialAction\":[{\"@type\":\"ReadAction\",\"target\":[\"https:\\\/\\\/mavroinjurylaw.com\\\/terms-conditions\\\/\"]}]},{\"@type\":\"BreadcrumbList\",\"@id\":\"https:\\\/\\\/mavroinjurylaw.com\\\/terms-conditions\\\/#breadcrumb\",\"itemListElement\":[{\"@type\":\"ListItem\",\"position\":1,\"name\":\"Home\",\"item\":\"https:\\\/\\\/mavroinjurylaw.com\\\/\"},{\"@type\":\"ListItem\",\"position\":2,\"name\":\"Terms &#038; Conditions\"}]},{\"@type\":\"WebSite\",\"@id\":\"https:\\\/\\\/mavroinjurylaw.com\\\/#website\",\"url\":\"https:\\\/\\\/mavroinjurylaw.com\\\/\",\"name\":\"Felipe Mavromatis\",\"description\":\"Advogado Brasileiro Florida\",\"publisher\":{\"@id\":\"https:\\\/\\\/mavroinjurylaw.com\\\/#\\\/schema\\\/person\\\/1ef4ad05d80110ed7383af76ef749282\"},\"potentialAction\":[{\"@type\":\"SearchAction\",\"target\":{\"@type\":\"EntryPoint\",\"urlTemplate\":\"https:\\\/\\\/mavroinjurylaw.com\\\/?s={search_term_string}\"},\"query-input\":{\"@type\":\"PropertyValueSpecification\",\"valueRequired\":true,\"valueName\":\"search_term_string\"}}],\"inLanguage\":\"pt-BR\"},{\"@type\":[\"Person\",\"Organization\"],\"@id\":\"https:\\\/\\\/mavroinjurylaw.com\\\/#\\\/schema\\\/person\\\/1ef4ad05d80110ed7383af76ef749282\",\"name\":\"felipe.mavro\",\"image\":{\"@type\":\"ImageObject\",\"inLanguage\":\"pt-BR\",\"@id\":\"https:\\\/\\\/wemovecases.com\\\/wp-content\\\/uploads\\\/2023\\\/02\\\/logo3.png\",\"url\":\"https:\\\/\\\/wemovecases.com\\\/wp-content\\\/uploads\\\/2023\\\/02\\\/logo3.png\",\"contentUrl\":\"https:\\\/\\\/wemovecases.com\\\/wp-content\\\/uploads\\\/2023\\\/02\\\/logo3.png\",\"width\":311,\"height\":71,\"caption\":\"felipe.mavro\"},\"logo\":{\"@id\":\"https:\\\/\\\/wemovecases.com\\\/wp-content\\\/uploads\\\/2023\\\/02\\\/logo3.png\"}}]}<\/script>\n<!-- \/ Yoast SEO plugin. -->","yoast_head_json":{"title":"Terms & Conditions | Felipe Mavromatis","robots":{"index":"index","follow":"follow","max-snippet":"max-snippet:-1","max-image-preview":"max-image-preview:large","max-video-preview":"max-video-preview:-1"},"canonical":"https:\/\/mavroinjurylaw.com\/pt\/terms-conditions\/","og_locale":"pt_BR","og_type":"article","og_title":"Terms & Conditions | Felipe Mavromatis","og_description":"Disclaimer These terms and conditions outline the rules and regulations for the use of Felipe Mavromatis&#8217;s website and any information or material contained herein. By accessing or using this site, you agree to these terms. If you do not agree, please refrain from using the website. Clients who allow Felipe Mavromatis and\/or Mavro Injury Law,...","og_url":"https:\/\/mavroinjurylaw.com\/pt\/terms-conditions\/","og_site_name":"Felipe Mavromatis","article_modified_time":"2025-06-15T22:12:17+00:00","twitter_card":"summary_large_image","twitter_misc":{"Est. tempo de leitura":"3 minutos"},"schema":{"@context":"https:\/\/schema.org","@graph":[{"@type":"WebPage","@id":"https:\/\/mavroinjurylaw.com\/terms-conditions\/","url":"https:\/\/mavroinjurylaw.com\/terms-conditions\/","name":"Terms & Conditions | Felipe Mavromatis","isPartOf":{"@id":"https:\/\/mavroinjurylaw.com\/#website"},"datePublished":"2024-11-21T17:00:17+00:00","dateModified":"2025-06-15T22:12:17+00:00","breadcrumb":{"@id":"https:\/\/mavroinjurylaw.com\/terms-conditions\/#breadcrumb"},"inLanguage":"pt-BR","potentialAction":[{"@type":"ReadAction","target":["https:\/\/mavroinjurylaw.com\/terms-conditions\/"]}]},{"@type":"BreadcrumbList","@id":"https:\/\/mavroinjurylaw.com\/terms-conditions\/#breadcrumb","itemListElement":[{"@type":"ListItem","position":1,"name":"Home","item":"https:\/\/mavroinjurylaw.com\/"},{"@type":"ListItem","position":2,"name":"Terms &#038; Conditions"}]},{"@type":"WebSite","@id":"https:\/\/mavroinjurylaw.com\/#website","url":"https:\/\/mavroinjurylaw.com\/","name":"Felipe Mavromatis","description":"Advogado Brasileiro Florida","publisher":{"@id":"https:\/\/mavroinjurylaw.com\/#\/schema\/person\/1ef4ad05d80110ed7383af76ef749282"},"potentialAction":[{"@type":"SearchAction","target":{"@type":"EntryPoint","urlTemplate":"https:\/\/mavroinjurylaw.com\/?s={search_term_string}"},"query-input":{"@type":"PropertyValueSpecification","valueRequired":true,"valueName":"search_term_string"}}],"inLanguage":"pt-BR"},{"@type":["Person","Organization"],"@id":"https:\/\/mavroinjurylaw.com\/#\/schema\/person\/1ef4ad05d80110ed7383af76ef749282","name":"felipe.mavro","image":{"@type":"ImageObject","inLanguage":"pt-BR","@id":"https:\/\/wemovecases.com\/wp-content\/uploads\/2023\/02\/logo3.png","url":"https:\/\/wemovecases.com\/wp-content\/uploads\/2023\/02\/logo3.png","contentUrl":"https:\/\/wemovecases.com\/wp-content\/uploads\/2023\/02\/logo3.png","width":311,"height":71,"caption":"felipe.mavro"},"logo":{"@id":"https:\/\/wemovecases.com\/wp-content\/uploads\/2023\/02\/logo3.png"}}]}},"jetpack_sharing_enabled":true,"_links":{"self":[{"href":"https:\/\/mavroinjurylaw.com\/pt\/wp-json\/wp\/v2\/pages\/159","targetHints":{"allow":["GET"]}}],"collection":[{"href":"https:\/\/mavroinjurylaw.com\/pt\/wp-json\/wp\/v2\/pages"}],"about":[{"href":"https:\/\/mavroinjurylaw.com\/pt\/wp-json\/wp\/v2\/types\/page"}],"author":[{"embeddable":true,"href":"https:\/\/mavroinjurylaw.com\/pt\/wp-json\/wp\/v2\/users\/1"}],"replies":[{"embeddable":true,"href":"https:\/\/mavroinjurylaw.com\/pt\/wp-json\/wp\/v2\/comments?post=159"}],"version-history":[{"count":3,"href":"https:\/\/mavroinjurylaw.com\/pt\/wp-json\/wp\/v2\/pages\/159\/revisions"}],"predecessor-version":[{"id":990757,"href":"https:\/\/mavroinjurylaw.com\/pt\/wp-json\/wp\/v2\/pages\/159\/revisions\/990757"}],"wp:attachment":[{"href":"https:\/\/mavroinjurylaw.com\/pt\/wp-json\/wp\/v2\/media?parent=159"}],"wp:term":[{"taxonomy":"category","embeddable":true,"href":"https:\/\/mavroinjurylaw.com\/pt\/wp-json\/wp\/v2\/categories?post=159"},{"taxonomy":"post_tag","embeddable":true,"href":"https:\/\/mavroinjurylaw.com\/pt\/wp-json\/wp\/v2\/tags?post=159"}],"curies":[{"name":"wp","href":"https:\/\/api.w.org\/{rel}","templated":true}]}}