{"id":161,"date":"2024-11-21T17:00:55","date_gmt":"2024-11-21T17:00:55","guid":{"rendered":"https:\/\/avvocato.vamtam.com\/?page_id=161"},"modified":"2025-03-15T00:31:29","modified_gmt":"2025-03-15T00:31:29","slug":"privacy-policy","status":"publish","type":"page","link":"https:\/\/mavroinjurylaw.com\/pt\/privacy-policy\/","title":{"rendered":"Pol\u00edtica De Privacidade"},"content":{"rendered":"<div data-elementor-type=\"wp-page\" data-elementor-id=\"161\" class=\"elementor elementor-161\" data-elementor-post-type=\"page\">\n\t\t\t\t\t\t<section class=\"elementor-section elementor-top-section elementor-element elementor-element-1605c8ea elementor-section-boxed elementor-section-height-default elementor-section-height-default\" data-id=\"1605c8ea\" data-element_type=\"section\" data-e-type=\"section\">\n\t\t\t\t\t\t<div class=\"elementor-container elementor-column-gap-no\">\n\t\t\t\t\t<div class=\"elementor-column elementor-col-50 elementor-top-column elementor-element elementor-element-7fcc2c82\" data-id=\"7fcc2c82\" data-element_type=\"column\" data-e-type=\"column\">\n\t\t\t<div class=\"elementor-widget-wrap elementor-element-populated\">\n\t\t\t\t\t\t\t<\/div>\n\t\t<\/div>\n\t\t\t\t<div class=\"elementor-column elementor-col-50 elementor-top-column elementor-element elementor-element-22a470e3\" data-id=\"22a470e3\" data-element_type=\"column\" data-e-type=\"column\">\n\t\t\t<div class=\"elementor-widget-wrap\">\n\t\t\t\t\t\t\t<\/div>\n\t\t<\/div>\n\t\t\t\t\t<\/div>\n\t\t<\/section>\n\t\t\t\t<section class=\"elementor-section elementor-top-section elementor-element elementor-element-b1fbfb5 elementor-section-boxed elementor-section-height-default elementor-section-height-default\" data-id=\"b1fbfb5\" data-element_type=\"section\" data-e-type=\"section\">\n\t\t\t\t\t\t<div class=\"elementor-container elementor-column-gap-no\">\n\t\t\t\t\t<div class=\"elementor-column elementor-col-100 elementor-top-column elementor-element elementor-element-309aad45\" data-id=\"309aad45\" data-element_type=\"column\" data-e-type=\"column\">\n\t\t\t<div class=\"elementor-widget-wrap elementor-element-populated\">\n\t\t\t\t\t\t<div class=\"vamtam-has-theme-widget-styles elementor-element elementor-element-2b8086a4 elementor-widget elementor-widget-text-editor\" data-id=\"2b8086a4\" data-element_type=\"widget\" data-e-type=\"widget\" data-widget_type=\"text-editor.default\">\n\t\t\t\t<div class=\"elementor-widget-container\">\n\t\t\t\t\t\t\t\t\t<p><strong>Data de vig\u00eancia:<\/strong> 03\/14\/2025<br \/>A Mavro Injury Law tem o compromisso de proteger sua privacidade. Esta Pol\u00edtica de Privacidade descreve como coletamos, usamos, divulgamos e protegemos suas informa\u00e7\u00f5es quando voc\u00ea visita nosso site.<\/p><p>Ao usar este site, voc\u00ea concorda com os termos descritos nesta Pol\u00edtica de Privacidade. Se n\u00e3o concordar, n\u00e3o utilize este site.<\/p>\t\t\t\t\t\t\t\t<\/div>\n\t\t\t\t<\/div>\n\t\t\t\t<div class=\"elementor-element elementor-element-10aadea elementor-widget elementor-widget-heading\" data-id=\"10aadea\" data-element_type=\"widget\" data-e-type=\"widget\" data-widget_type=\"heading.default\">\n\t\t\t\t<div class=\"elementor-widget-container\">\n\t\t\t\t\t<h3 class=\"elementor-heading-title elementor-size-default\">1. Informa\u00e7\u00f5es que coletamos<\/h3>\t\t\t\t<\/div>\n\t\t\t\t<\/div>\n\t\t\t\t<div class=\"vamtam-has-theme-widget-styles elementor-element elementor-element-5c10738f elementor-widget elementor-widget-text-editor\" data-id=\"5c10738f\" data-element_type=\"widget\" data-e-type=\"widget\" data-widget_type=\"text-editor.default\">\n\t\t\t\t<div class=\"elementor-widget-container\">\n\t\t\t\t\t\t\t\t\t<p>Podemos coletar os seguintes tipos de informa\u00e7\u00f5es quando voc\u00ea visita nosso site:<\/p><p><strong>1.1 Informa\u00e7\u00f5es pessoais<\/strong><\/p><ul><li>Nome, endere\u00e7o de e-mail, n\u00famero de telefone e qualquer informa\u00e7\u00e3o adicional fornecida por meio de formul\u00e1rios (por exemplo, solicita\u00e7\u00f5es de contato ou consulta).<\/li><\/ul><p><strong>1.2 Informa\u00e7\u00f5es n\u00e3o pessoais<\/strong><\/p><ul><li>Endere\u00e7o IP, tipo de navegador, tipo de dispositivo, sistema operacional e comportamento de navega\u00e7\u00e3o.<\/li><\/ul><p><strong>1.3 Cookies e tecnologias de rastreamento<\/strong><\/p><ul><li>Usamos cookies e tecnologias de rastreamento semelhantes para aprimorar sua experi\u00eancia. Esses cookies podem coletar dados sobre como voc\u00ea interage com nosso site, incluindo p\u00e1ginas visitadas, tempo gasto no site e links clicados.<\/li><\/ul>\t\t\t\t\t\t\t\t<\/div>\n\t\t\t\t<\/div>\n\t\t\t\t<div class=\"elementor-element elementor-element-58926741 elementor-widget elementor-widget-heading\" data-id=\"58926741\" data-element_type=\"widget\" data-e-type=\"widget\" data-widget_type=\"heading.default\">\n\t\t\t\t<div class=\"elementor-widget-container\">\n\t\t\t\t\t<h3 class=\"elementor-heading-title elementor-size-default\">2. Como usamos suas informa\u00e7\u00f5es<\/h3>\t\t\t\t<\/div>\n\t\t\t\t<\/div>\n\t\t\t\t<div class=\"vamtam-has-theme-widget-styles elementor-element elementor-element-5136ef11 elementor-widget elementor-widget-text-editor\" data-id=\"5136ef11\" data-element_type=\"widget\" data-e-type=\"widget\" data-widget_type=\"text-editor.default\">\n\t\t\t\t<div class=\"elementor-widget-container\">\n\t\t\t\t\t\t\t\t\t<p>Podemos usar as informa\u00e7\u00f5es coletadas para as seguintes finalidades:<\/p><ul><li>Para responder a consultas enviadas por meio de formul\u00e1rios de contato.<\/li><li>Para fornecer consultas jur\u00eddicas ou outros servi\u00e7os solicitados.<\/li><li>Para analisar o desempenho do site e melhorar a experi\u00eancia do usu\u00e1rio.<\/li><li>Para enviar atualiza\u00e7\u00f5es, boletins informativos ou materiais promocionais (somente se consentido pelo usu\u00e1rio).<\/li><li>Para cumprir com obriga\u00e7\u00f5es legais ou proteger nossos direitos legais.<\/li><li>Nenhuma informa\u00e7\u00e3o de celular ser\u00e1 compartilhada com terceiros\/afiliados para fins de marketing\/promocionais. Todas as outras categorias excluem dados e consentimento do originador da mensagem de texto; essas informa\u00e7\u00f5es n\u00e3o ser\u00e3o compartilhadas com terceiros<\/li><\/ul>\t\t\t\t\t\t\t\t<\/div>\n\t\t\t\t<\/div>\n\t\t\t\t<div class=\"elementor-element elementor-element-5e430ed7 elementor-widget elementor-widget-heading\" data-id=\"5e430ed7\" data-element_type=\"widget\" data-e-type=\"widget\" data-widget_type=\"heading.default\">\n\t\t\t\t<div class=\"elementor-widget-container\">\n\t\t\t\t\t<h3 class=\"elementor-heading-title elementor-size-default\">3. Compartilhamento de suas informa\u00e7\u00f5es<\/h3>\t\t\t\t<\/div>\n\t\t\t\t<\/div>\n\t\t\t\t<div class=\"vamtam-has-theme-widget-styles elementor-element elementor-element-622bb701 elementor-widget elementor-widget-text-editor\" data-id=\"622bb701\" data-element_type=\"widget\" data-e-type=\"widget\" data-widget_type=\"text-editor.default\">\n\t\t\t\t<div class=\"elementor-widget-container\">\n\t\t\t\t\t\t\t\t\t<p>N\u00e3o vendemos ou alugamos suas informa\u00e7\u00f5es pessoais a terceiros. Entretanto, podemos compartilhar suas informa\u00e7\u00f5es nos seguintes casos:<\/p><ul><li>Com provedores de servi\u00e7os: Terceiros de confian\u00e7a que nos auxiliam com hospedagem de sites, an\u00e1lises ou outros servi\u00e7os essenciais para a funcionalidade do site.<\/li><li>Requisitos legais: Se exigido por lei ou para cumprir processos legais.<\/li><li>Parceiros jur\u00eddicos: Fornecimento de suas informa\u00e7\u00f5es a parceiros jur\u00eddicos terceirizados em um esfor\u00e7o para melhor atender \u00e0s suas necessidades jur\u00eddicas.<\/li><\/ul>\t\t\t\t\t\t\t\t<\/div>\n\t\t\t\t<\/div>\n\t\t\t\t<div class=\"elementor-element elementor-element-531339fc elementor-widget elementor-widget-heading\" data-id=\"531339fc\" data-element_type=\"widget\" data-e-type=\"widget\" data-widget_type=\"heading.default\">\n\t\t\t\t<div class=\"elementor-widget-container\">\n\t\t\t\t\t<h3 class=\"elementor-heading-title elementor-size-default\">4. Links de terceiros<\/h3>\t\t\t\t<\/div>\n\t\t\t\t<\/div>\n\t\t\t\t<div class=\"vamtam-has-theme-widget-styles elementor-element elementor-element-7ef4734 elementor-widget elementor-widget-text-editor\" data-id=\"7ef4734\" data-element_type=\"widget\" data-e-type=\"widget\" data-widget_type=\"text-editor.default\">\n\t\t\t\t<div class=\"elementor-widget-container\">\n\t\t\t\t\t\t\t\t\t<p>Nosso site pode conter links para sites de terceiros. N\u00e3o somos respons\u00e1veis pelas pr\u00e1ticas de privacidade ou pelo conte\u00fado desses sites externos. Recomendamos aos usu\u00e1rios que analisem as pol\u00edticas de privacidade de todos os sites de terceiros que visitarem.<\/p>\t\t\t\t\t\t\t\t<\/div>\n\t\t\t\t<\/div>\n\t\t\t\t<div class=\"elementor-element elementor-element-12a603d3 elementor-widget elementor-widget-heading\" data-id=\"12a603d3\" data-element_type=\"widget\" data-e-type=\"widget\" data-widget_type=\"heading.default\">\n\t\t\t\t<div class=\"elementor-widget-container\">\n\t\t\t\t\t<h3 class=\"elementor-heading-title elementor-size-default\">5. Cookies e tecnologias de rastreamento<\/h3>\t\t\t\t<\/div>\n\t\t\t\t<\/div>\n\t\t\t\t<div class=\"vamtam-has-theme-widget-styles elementor-element elementor-element-7b4bb2e9 elementor-widget elementor-widget-text-editor\" data-id=\"7b4bb2e9\" data-element_type=\"widget\" data-e-type=\"widget\" data-widget_type=\"text-editor.default\">\n\t\t\t\t<div class=\"elementor-widget-container\">\n\t\t\t\t\t\t\t\t\t<p>Cookies s\u00e3o pequenos arquivos armazenados no seu dispositivo para aprimorar a funcionalidade do site e a experi\u00eancia do usu\u00e1rio. Os tipos de cookies que podemos usar incluem:<\/p><ul><li>Cookies essenciais: Necess\u00e1rios para o funcionamento do site.<\/li><li>Cookies de desempenho: Nos ajudam a entender como os visitantes usam o site.<\/li><li>Cookies de publicidade: Usados para fornecer an\u00fancios relevantes e rastrear o envolvimento.<\/li><\/ul><p>Voc\u00ea pode gerenciar suas prefer\u00eancias de cookies por meio das configura\u00e7\u00f5es do navegador. No entanto, a desativa\u00e7\u00e3o dos cookies pode afetar sua experi\u00eancia de usu\u00e1rio.<\/p>\t\t\t\t\t\t\t\t<\/div>\n\t\t\t\t<\/div>\n\t\t\t\t<div class=\"elementor-element elementor-element-210b697a elementor-widget elementor-widget-heading\" data-id=\"210b697a\" data-element_type=\"widget\" data-e-type=\"widget\" data-widget_type=\"heading.default\">\n\t\t\t\t<div class=\"elementor-widget-container\">\n\t\t\t\t\t<h3 class=\"elementor-heading-title elementor-size-default\">6. Reten\u00e7\u00e3o de dados<\/h3>\t\t\t\t<\/div>\n\t\t\t\t<\/div>\n\t\t\t\t<div class=\"vamtam-has-theme-widget-styles elementor-element elementor-element-cf3e3e7 elementor-widget elementor-widget-text-editor\" data-id=\"cf3e3e7\" data-element_type=\"widget\" data-e-type=\"widget\" data-widget_type=\"text-editor.default\">\n\t\t\t\t<div class=\"elementor-widget-container\">\n\t\t\t\t\t\t\t\t\t<p>Retemos informa\u00e7\u00f5es pessoais somente pelo tempo necess\u00e1rio para cumprir as finalidades descritas nesta pol\u00edtica ou conforme exigido por lei.<\/p>\t\t\t\t\t\t\t\t<\/div>\n\t\t\t\t<\/div>\n\t\t\t\t<div class=\"elementor-element elementor-element-5757281c elementor-widget elementor-widget-heading\" data-id=\"5757281c\" data-element_type=\"widget\" data-e-type=\"widget\" data-widget_type=\"heading.default\">\n\t\t\t\t<div class=\"elementor-widget-container\">\n\t\t\t\t\t<h3 class=\"elementor-heading-title elementor-size-default\">7. Seguran\u00e7a<\/h3>\t\t\t\t<\/div>\n\t\t\t\t<\/div>\n\t\t\t\t<div class=\"vamtam-has-theme-widget-styles elementor-element elementor-element-61c57bcc elementor-widget elementor-widget-text-editor\" data-id=\"61c57bcc\" data-element_type=\"widget\" data-e-type=\"widget\" data-widget_type=\"text-editor.default\">\n\t\t\t\t<div class=\"elementor-widget-container\">\n\t\t\t\t\t\t\t\t\t<p>Implementamos medidas t\u00e9cnicas e organizacionais adequadas para proteger suas informa\u00e7\u00f5es. No entanto, nenhum m\u00e9todo de transmiss\u00e3o pela Internet ou armazenamento eletr\u00f4nico \u00e9 100% seguro. Embora nos esforcemos para proteger seus dados pessoais, n\u00e3o podemos garantir sua seguran\u00e7a absoluta.<\/p>\t\t\t\t\t\t\t\t<\/div>\n\t\t\t\t<\/div>\n\t\t\t\t<div class=\"elementor-element elementor-element-64fdd5fc elementor-widget elementor-widget-heading\" data-id=\"64fdd5fc\" data-element_type=\"widget\" data-e-type=\"widget\" data-widget_type=\"heading.default\">\n\t\t\t\t<div class=\"elementor-widget-container\">\n\t\t\t\t\t<h3 class=\"elementor-heading-title elementor-size-default\">8. Seus direitos<\/h3>\t\t\t\t<\/div>\n\t\t\t\t<\/div>\n\t\t\t\t<div class=\"vamtam-has-theme-widget-styles elementor-element elementor-element-3ade88c8 elementor-widget elementor-widget-text-editor\" data-id=\"3ade88c8\" data-element_type=\"widget\" data-e-type=\"widget\" data-widget_type=\"text-editor.default\">\n\t\t\t\t<div class=\"elementor-widget-container\">\n\t\t\t\t\t\t\t\t\t<p>Dependendo da sua localiza\u00e7\u00e3o, voc\u00ea pode ter os seguintes direitos em rela\u00e7\u00e3o \u00e0s suas informa\u00e7\u00f5es pessoais:<\/p><ul><li>Acesso aos dados que coletamos sobre voc\u00ea.<\/li><li>Solicitar corre\u00e7\u00e3o ou exclus\u00e3o de seus dados.<\/li><li>Opor-se ao processamento de seus dados ou retirar o consentimento.<\/li><li>Registre uma reclama\u00e7\u00e3o em uma autoridade de prote\u00e7\u00e3o de dados relevante.<\/li><\/ul><p>Para exercer seus direitos, entre em contato conosco.<\/p>\t\t\t\t\t\t\t\t<\/div>\n\t\t\t\t<\/div>\n\t\t\t\t<div class=\"elementor-element elementor-element-e67958e elementor-widget elementor-widget-heading\" data-id=\"e67958e\" data-element_type=\"widget\" data-e-type=\"widget\" data-widget_type=\"heading.default\">\n\t\t\t\t<div class=\"elementor-widget-container\">\n\t\t\t\t\t<h3 class=\"elementor-heading-title elementor-size-default\">9. Altera\u00e7\u00f5es a esta Pol\u00edtica de Privacidade<\/h3>\t\t\t\t<\/div>\n\t\t\t\t<\/div>\n\t\t\t\t<div class=\"vamtam-has-theme-widget-styles elementor-element elementor-element-02a93ea elementor-widget elementor-widget-text-editor\" data-id=\"02a93ea\" data-element_type=\"widget\" data-e-type=\"widget\" data-widget_type=\"text-editor.default\">\n\t\t\t\t<div class=\"elementor-widget-container\">\n\t\t\t\t\t\t\t\t\t<p>Podemos atualizar esta Pol\u00edtica de Privacidade periodicamente. Quaisquer altera\u00e7\u00f5es ser\u00e3o publicadas nesta p\u00e1gina com uma data de vig\u00eancia atualizada. Recomendamos que voc\u00ea revise esta pol\u00edtica regularmente.<\/p>\t\t\t\t\t\t\t\t<\/div>\n\t\t\t\t<\/div>\n\t\t\t\t\t<\/div>\n\t\t<\/div>\n\t\t\t\t\t<\/div>\n\t\t<\/section>\n\t\t\t\t<\/div>","protected":false},"excerpt":{"rendered":"<p>Effective Date: 03\/14\/2025Mavro Injury Law is committed to protecting your privacy. This Privacy Policy outlines how we collect, use, disclose, and safeguard your information when you visit our website. By using this website, you agree to the terms outlined in this Privacy Policy. If you do not agree, please refrain from using this site. 1&#8230;.<\/p>","protected":false},"author":1,"featured_media":0,"parent":0,"menu_order":0,"comment_status":"closed","ping_status":"closed","template":"","meta":{"nf_dc_page":"","footnotes":""},"categories":[9],"tags":[56],"class_list":["post-161","page","type-page","status-publish","hentry","category-blog","tag-no-search"],"yoast_head":"<!-- This site is optimized with the Yoast SEO plugin v27.4 - https:\/\/yoast.com\/product\/yoast-seo-wordpress\/ -->\n<title>Privacy Policy | Felipe Mavromatis<\/title>\n<meta name=\"robots\" content=\"index, follow, max-snippet:-1, max-image-preview:large, max-video-preview:-1\" \/>\n<link rel=\"canonical\" href=\"https:\/\/mavroinjurylaw.com\/pt\/privacy-policy\/\" \/>\n<meta property=\"og:locale\" content=\"pt_BR\" \/>\n<meta property=\"og:type\" content=\"article\" \/>\n<meta property=\"og:title\" content=\"Privacy Policy | Felipe Mavromatis\" \/>\n<meta property=\"og:description\" content=\"Effective Date: 03\/14\/2025Mavro Injury Law is committed to protecting your privacy. This Privacy Policy outlines how we collect, use, disclose, and safeguard your information when you visit our website. By using this website, you agree to the terms outlined in this Privacy Policy. If you do not agree, please refrain from using this site. 1....\" \/>\n<meta property=\"og:url\" content=\"https:\/\/mavroinjurylaw.com\/pt\/privacy-policy\/\" \/>\n<meta property=\"og:site_name\" content=\"Felipe Mavromatis\" \/>\n<meta property=\"article:modified_time\" content=\"2025-03-15T00:31:29+00:00\" \/>\n<meta name=\"twitter:card\" content=\"summary_large_image\" \/>\n<meta name=\"twitter:label1\" content=\"Est. tempo de leitura\" \/>\n\t<meta name=\"twitter:data1\" content=\"3 minutos\" \/>\n<script type=\"application\/ld+json\" class=\"yoast-schema-graph\">{\"@context\":\"https:\\\/\\\/schema.org\",\"@graph\":[{\"@type\":\"WebPage\",\"@id\":\"https:\\\/\\\/mavroinjurylaw.com\\\/privacy-policy\\\/\",\"url\":\"https:\\\/\\\/mavroinjurylaw.com\\\/privacy-policy\\\/\",\"name\":\"Privacy Policy | Felipe Mavromatis\",\"isPartOf\":{\"@id\":\"https:\\\/\\\/mavroinjurylaw.com\\\/#website\"},\"datePublished\":\"2024-11-21T17:00:55+00:00\",\"dateModified\":\"2025-03-15T00:31:29+00:00\",\"breadcrumb\":{\"@id\":\"https:\\\/\\\/mavroinjurylaw.com\\\/privacy-policy\\\/#breadcrumb\"},\"inLanguage\":\"pt-BR\",\"potentialAction\":[{\"@type\":\"ReadAction\",\"target\":[\"https:\\\/\\\/mavroinjurylaw.com\\\/privacy-policy\\\/\"]}]},{\"@type\":\"BreadcrumbList\",\"@id\":\"https:\\\/\\\/mavroinjurylaw.com\\\/privacy-policy\\\/#breadcrumb\",\"itemListElement\":[{\"@type\":\"ListItem\",\"position\":1,\"name\":\"Home\",\"item\":\"https:\\\/\\\/mavroinjurylaw.com\\\/\"},{\"@type\":\"ListItem\",\"position\":2,\"name\":\"Privacy Policy\"}]},{\"@type\":\"WebSite\",\"@id\":\"https:\\\/\\\/mavroinjurylaw.com\\\/#website\",\"url\":\"https:\\\/\\\/mavroinjurylaw.com\\\/\",\"name\":\"Felipe Mavromatis\",\"description\":\"Advogado Brasileiro Florida\",\"publisher\":{\"@id\":\"https:\\\/\\\/mavroinjurylaw.com\\\/#\\\/schema\\\/person\\\/1ef4ad05d80110ed7383af76ef749282\"},\"potentialAction\":[{\"@type\":\"SearchAction\",\"target\":{\"@type\":\"EntryPoint\",\"urlTemplate\":\"https:\\\/\\\/mavroinjurylaw.com\\\/?s={search_term_string}\"},\"query-input\":{\"@type\":\"PropertyValueSpecification\",\"valueRequired\":true,\"valueName\":\"search_term_string\"}}],\"inLanguage\":\"pt-BR\"},{\"@type\":[\"Person\",\"Organization\"],\"@id\":\"https:\\\/\\\/mavroinjurylaw.com\\\/#\\\/schema\\\/person\\\/1ef4ad05d80110ed7383af76ef749282\",\"name\":\"felipe.mavro\",\"image\":{\"@type\":\"ImageObject\",\"inLanguage\":\"pt-BR\",\"@id\":\"https:\\\/\\\/wemovecases.com\\\/wp-content\\\/uploads\\\/2023\\\/02\\\/logo3.png\",\"url\":\"https:\\\/\\\/wemovecases.com\\\/wp-content\\\/uploads\\\/2023\\\/02\\\/logo3.png\",\"contentUrl\":\"https:\\\/\\\/wemovecases.com\\\/wp-content\\\/uploads\\\/2023\\\/02\\\/logo3.png\",\"width\":311,\"height\":71,\"caption\":\"felipe.mavro\"},\"logo\":{\"@id\":\"https:\\\/\\\/wemovecases.com\\\/wp-content\\\/uploads\\\/2023\\\/02\\\/logo3.png\"}}]}<\/script>\n<!-- \/ Yoast SEO plugin. -->","yoast_head_json":{"title":"Privacy Policy | Felipe Mavromatis","robots":{"index":"index","follow":"follow","max-snippet":"max-snippet:-1","max-image-preview":"max-image-preview:large","max-video-preview":"max-video-preview:-1"},"canonical":"https:\/\/mavroinjurylaw.com\/pt\/privacy-policy\/","og_locale":"pt_BR","og_type":"article","og_title":"Privacy Policy | Felipe Mavromatis","og_description":"Effective Date: 03\/14\/2025Mavro Injury Law is committed to protecting your privacy. This Privacy Policy outlines how we collect, use, disclose, and safeguard your information when you visit our website. By using this website, you agree to the terms outlined in this Privacy Policy. If you do not agree, please refrain from using this site. 1....","og_url":"https:\/\/mavroinjurylaw.com\/pt\/privacy-policy\/","og_site_name":"Felipe Mavromatis","article_modified_time":"2025-03-15T00:31:29+00:00","twitter_card":"summary_large_image","twitter_misc":{"Est. tempo de leitura":"3 minutos"},"schema":{"@context":"https:\/\/schema.org","@graph":[{"@type":"WebPage","@id":"https:\/\/mavroinjurylaw.com\/privacy-policy\/","url":"https:\/\/mavroinjurylaw.com\/privacy-policy\/","name":"Privacy Policy | Felipe Mavromatis","isPartOf":{"@id":"https:\/\/mavroinjurylaw.com\/#website"},"datePublished":"2024-11-21T17:00:55+00:00","dateModified":"2025-03-15T00:31:29+00:00","breadcrumb":{"@id":"https:\/\/mavroinjurylaw.com\/privacy-policy\/#breadcrumb"},"inLanguage":"pt-BR","potentialAction":[{"@type":"ReadAction","target":["https:\/\/mavroinjurylaw.com\/privacy-policy\/"]}]},{"@type":"BreadcrumbList","@id":"https:\/\/mavroinjurylaw.com\/privacy-policy\/#breadcrumb","itemListElement":[{"@type":"ListItem","position":1,"name":"Home","item":"https:\/\/mavroinjurylaw.com\/"},{"@type":"ListItem","position":2,"name":"Privacy Policy"}]},{"@type":"WebSite","@id":"https:\/\/mavroinjurylaw.com\/#website","url":"https:\/\/mavroinjurylaw.com\/","name":"Felipe Mavromatis","description":"Advogado Brasileiro Florida","publisher":{"@id":"https:\/\/mavroinjurylaw.com\/#\/schema\/person\/1ef4ad05d80110ed7383af76ef749282"},"potentialAction":[{"@type":"SearchAction","target":{"@type":"EntryPoint","urlTemplate":"https:\/\/mavroinjurylaw.com\/?s={search_term_string}"},"query-input":{"@type":"PropertyValueSpecification","valueRequired":true,"valueName":"search_term_string"}}],"inLanguage":"pt-BR"},{"@type":["Person","Organization"],"@id":"https:\/\/mavroinjurylaw.com\/#\/schema\/person\/1ef4ad05d80110ed7383af76ef749282","name":"felipe.mavro","image":{"@type":"ImageObject","inLanguage":"pt-BR","@id":"https:\/\/wemovecases.com\/wp-content\/uploads\/2023\/02\/logo3.png","url":"https:\/\/wemovecases.com\/wp-content\/uploads\/2023\/02\/logo3.png","contentUrl":"https:\/\/wemovecases.com\/wp-content\/uploads\/2023\/02\/logo3.png","width":311,"height":71,"caption":"felipe.mavro"},"logo":{"@id":"https:\/\/wemovecases.com\/wp-content\/uploads\/2023\/02\/logo3.png"}}]}},"jetpack_sharing_enabled":true,"_links":{"self":[{"href":"https:\/\/mavroinjurylaw.com\/pt\/wp-json\/wp\/v2\/pages\/161","targetHints":{"allow":["GET"]}}],"collection":[{"href":"https:\/\/mavroinjurylaw.com\/pt\/wp-json\/wp\/v2\/pages"}],"about":[{"href":"https:\/\/mavroinjurylaw.com\/pt\/wp-json\/wp\/v2\/types\/page"}],"author":[{"embeddable":true,"href":"https:\/\/mavroinjurylaw.com\/pt\/wp-json\/wp\/v2\/users\/1"}],"replies":[{"embeddable":true,"href":"https:\/\/mavroinjurylaw.com\/pt\/wp-json\/wp\/v2\/comments?post=161"}],"version-history":[{"count":3,"href":"https:\/\/mavroinjurylaw.com\/pt\/wp-json\/wp\/v2\/pages\/161\/revisions"}],"predecessor-version":[{"id":990725,"href":"https:\/\/mavroinjurylaw.com\/pt\/wp-json\/wp\/v2\/pages\/161\/revisions\/990725"}],"wp:attachment":[{"href":"https:\/\/mavroinjurylaw.com\/pt\/wp-json\/wp\/v2\/media?parent=161"}],"wp:term":[{"taxonomy":"category","embeddable":true,"href":"https:\/\/mavroinjurylaw.com\/pt\/wp-json\/wp\/v2\/categories?post=161"},{"taxonomy":"post_tag","embeddable":true,"href":"https:\/\/mavroinjurylaw.com\/pt\/wp-json\/wp\/v2\/tags?post=161"}],"curies":[{"name":"wp","href":"https:\/\/api.w.org\/{rel}","templated":true}]}}