{"id":1637,"date":"2024-01-01T10:28:43","date_gmt":"2024-01-01T10:28:43","guid":{"rendered":"https:\/\/avvocato.vamtam.com\/?page_id=1637"},"modified":"2024-12-16T22:32:37","modified_gmt":"2024-12-16T22:32:37","slug":"car-crash-accident-lawyer","status":"publish","type":"page","link":"https:\/\/mavroinjurylaw.com\/pt\/practice-areas\/car-crash-accident-lawyer\/","title":{"rendered":"Acidentes de Carro"},"content":{"rendered":"\t\t<div data-elementor-type=\"wp-page\" data-elementor-id=\"1637\" class=\"elementor elementor-1637\" data-elementor-post-type=\"page\">\n\t\t\t\t\t\t<section class=\"elementor-section elementor-top-section elementor-element elementor-element-1eb5f77a elementor-section-full_width elementor-section-height-default elementor-section-height-default\" data-id=\"1eb5f77a\" data-element_type=\"section\" data-e-type=\"section\">\n\t\t\t\t\t\t<div class=\"elementor-container elementor-column-gap-no\">\n\t\t\t\t\t<div class=\"elementor-column elementor-col-100 elementor-top-column elementor-element elementor-element-80c248d\" data-id=\"80c248d\" data-element_type=\"column\" data-e-type=\"column\">\n\t\t\t<div class=\"elementor-widget-wrap elementor-element-populated\">\n\t\t\t\t\t\t<div class=\"elementor-element elementor-element-fcfd86e elementor-widget elementor-widget-heading\" data-id=\"fcfd86e\" data-element_type=\"widget\" data-e-type=\"widget\" data-widget_type=\"heading.default\">\n\t\t\t\t<div class=\"elementor-widget-container\">\n\t\t\t\t\t<h2 class=\"elementor-heading-title elementor-size-default\">Car Accident? Here's What to Do Next!<\/h2>\t\t\t\t<\/div>\n\t\t\t\t<\/div>\n\t\t\t\t<div class=\"vamtam-has-theme-widget-styles elementor-element elementor-element-22dfc082 elementor-widget elementor-widget-text-editor\" data-id=\"22dfc082\" data-element_type=\"widget\" data-e-type=\"widget\" data-widget_type=\"text-editor.default\">\n\t\t\t\t<div class=\"elementor-widget-container\">\n\t\t\t\t\t\t\t\t\t<p>If you\u2019ve been in a car accident, you\u2019re probably overwhelmed with questions and concerns. As an attorney specializing in car accident cases, I want you to know that <strong>you don\u2019t have to go through this alone.<\/strong> I, Felipe Mavromatis, am here to guide you through every step of the process, with clarity, empathy, and a commitment to fighting for your rights.<\/p><p>Here are the three most important steps you should take immediately after an accident:<\/p><ol><li><p><strong>See a doctor immediately.<\/strong><br \/>Even if your injuries don\u2019t seem serious right away, issues like neck, back, or head pain can develop later. A medical evaluation not only protects your health but also creates important records that can support your case. Don\u2019t have medical insurance? Contact me, and we\u2019ll find a way to ensure you receive the care you need.<\/p><\/li><li><p><strong>Document everything.<\/strong><br \/>Take photos of your injuries, record your pain and daily challenges, and note how the accident is affecting your life. These details may seem small now, but they are crucial in demonstrating the full impact of the accident down the line.<\/p><\/li><li><p><strong>Do not speak to the insurance company before speaking to me.<\/strong><br \/>Insurance companies work to protect their own interests, not yours. I\u2019ve seen too many people lose a significant part of their compensation because they said something that was later used against them. With my guidance, you\u2019ll be prepared to handle this step confidently.<\/p><\/li><\/ol>\t\t\t\t\t\t\t\t<\/div>\n\t\t\t\t<\/div>\n\t\t\t\t<section class=\"elementor-section elementor-inner-section elementor-element elementor-element-950f7ff elementor-section-boxed elementor-section-height-default elementor-section-height-default\" data-id=\"950f7ff\" data-element_type=\"section\" data-e-type=\"section\" data-settings=\"{&quot;background_background&quot;:&quot;classic&quot;}\">\n\t\t\t\t\t\t<div class=\"elementor-container elementor-column-gap-no\">\n\t\t\t\t\t<div class=\"elementor-column elementor-col-100 elementor-inner-column elementor-element elementor-element-2b15c46\" data-id=\"2b15c46\" data-element_type=\"column\" data-e-type=\"column\">\n\t\t\t<div class=\"elementor-widget-wrap elementor-element-populated\">\n\t\t\t\t\t\t<div class=\"elementor-element elementor-element-52a1ffd elementor-view-default elementor-widget elementor-widget-icon\" data-id=\"52a1ffd\" data-element_type=\"widget\" data-e-type=\"widget\" data-widget_type=\"icon.default\">\n\t\t\t\t<div class=\"elementor-widget-container\">\n\t\t\t\t\t\t\t<div class=\"elementor-icon-wrapper\">\n\t\t\t<div class=\"elementor-icon\">\n\t\t\t<i aria-hidden=\"true\" class=\"vamtamtheme- vamtam-theme-quote-start\"><\/i>\t\t\t<\/div>\n\t\t<\/div>\n\t\t\t\t\t\t<\/div>\n\t\t\t\t<\/div>\n\t\t\t\t<div class=\"vamtam-has-theme-widget-styles elementor-element elementor-element-e43f813 elementor-widget elementor-widget-text-editor\" data-id=\"e43f813\" data-element_type=\"widget\" data-e-type=\"widget\" data-widget_type=\"text-editor.default\">\n\t\t\t\t<div class=\"elementor-widget-container\">\n\t\t\t\t\t\t\t\t\t<p>I understand the pain and uncertainty a car accident brings. My goal is to ease your stress, take over the legal responsibilities of your case, and fight to ensure you receive every dollar you deserve.\u00a0When you need support, <strong>Felipe Mavromatis is here for you.<\/strong> Let\u2019s win this together!<\/p>\t\t\t\t\t\t\t\t<\/div>\n\t\t\t\t<\/div>\n\t\t\t\t<div class=\"elementor-element elementor-element-62c02da elementor-widget-divider--view-line elementor-widget elementor-widget-divider\" data-id=\"62c02da\" data-element_type=\"widget\" data-e-type=\"widget\" data-widget_type=\"divider.default\">\n\t\t\t\t<div class=\"elementor-widget-container\">\n\t\t\t\t\t\t\t<div class=\"elementor-divider\">\n\t\t\t<span class=\"elementor-divider-separator\">\n\t\t\t\t\t\t<\/span>\n\t\t<\/div>\n\t\t\t\t\t\t<\/div>\n\t\t\t\t<\/div>\n\t\t\t\t<div class=\"vamtam-has-theme-widget-styles elementor-element elementor-element-050c990 elementor-widget__width-inherit elementor-widget-mobile__width-inherit elementor-align-center vamtam-has-underline-anim elementor-widget elementor-widget-button\" data-id=\"050c990\" data-element_type=\"widget\" data-e-type=\"widget\" data-widget_type=\"button.default\">\n\t\t\t\t<div class=\"elementor-widget-container\">\n\t\t\t\t\t\t\t\t\t<div class=\"elementor-button-wrapper\">\n\t\t\t\t\t<a class=\"elementor-button elementor-button-link elementor-size-md\" href=\"\/free-consultation\/\">\n\t\t\t\t\t\t<span class=\"elementor-button-content-wrapper\">\n\t\t\t\t\t\t<span class=\"elementor-button-icon\">\n\t\t\t\t<i aria-hidden=\"true\" class=\"vamtamtheme- vamtam-theme-icon-arrow-right-top\"><\/i>\t\t\t<\/span>\n\t\t\t\t\t\t\t\t\t<span class=\"elementor-button-text\">Get a FREE case evaluation<\/span>\n\t\t\t\t\t<\/span>\n\t\t\t\t\t<\/a>\n\t\t\t\t<\/div>\n\t\t\t\t\t\t\t\t<\/div>\n\t\t\t\t<\/div>\n\t\t\t\t\t<\/div>\n\t\t<\/div>\n\t\t\t\t\t<\/div>\n\t\t<\/section>\n\t\t\t\t\t<\/div>\n\t\t<\/div>\n\t\t\t\t\t<\/div>\n\t\t<\/section>\n\t\t<div class=\"elementor-element elementor-element-6fa3bd9 e-flex e-con-boxed e-con e-parent\" data-id=\"6fa3bd9\" data-element_type=\"container\" data-e-type=\"container\">\n\t\t\t\t\t<div class=\"e-con-inner\">\n\t\t\t\t<div class=\"vamtam-has-theme-widget-styles elementor-element elementor-element-d1ab108 elementor-widget elementor-widget-text-editor\" data-id=\"d1ab108\" data-element_type=\"widget\" data-e-type=\"widget\" data-settings=\"{&quot;_animation&quot;:&quot;none&quot;,&quot;_animation_tablet&quot;:&quot;none&quot;}\" data-widget_type=\"text-editor.default\">\n\t\t\t\t<div class=\"elementor-widget-container\">\n\t\t\t\t\t\t\t\t\t<p>Car Accidents<br \/><strong>Frequently<\/strong> <strong>Asked Questions<\/strong><\/p>\t\t\t\t\t\t\t\t<\/div>\n\t\t\t\t<\/div>\n\t\t\t\t\t<\/div>\n\t\t\t\t<\/div>\n\t\t\t\t<section class=\"elementor-section elementor-top-section elementor-element elementor-element-3bd8211 elementor-section-boxed elementor-section-height-default elementor-section-height-default\" data-id=\"3bd8211\" data-element_type=\"section\" data-e-type=\"section\">\n\t\t\t\t\t\t<div class=\"elementor-container elementor-column-gap-no\">\n\t\t\t\t\t<div class=\"elementor-column elementor-col-100 elementor-top-column elementor-element elementor-element-907f1f9\" data-id=\"907f1f9\" data-element_type=\"column\" data-e-type=\"column\">\n\t\t\t<div class=\"elementor-widget-wrap elementor-element-populated\">\n\t\t\t\t\t\t<div class=\"vamtam-has-theme-widget-styles elementor-element elementor-element-72d26fb elementor-widget elementor-widget-toggle\" data-id=\"72d26fb\" data-element_type=\"widget\" data-e-type=\"widget\" data-widget_type=\"toggle.default\">\n\t\t\t\t<div class=\"elementor-widget-container\">\n\t\t\t\t\t\t\t<div class=\"elementor-toggle\">\n\t\t\t\t\t\t\t<div class=\"elementor-toggle-item\">\n\t\t\t\t\t<div id=\"elementor-tab-title-1201\" class=\"elementor-tab-title\" data-tab=\"1\" role=\"button\" aria-controls=\"elementor-tab-content-1201\" aria-expanded=\"false\">\n\t\t\t\t\t\t\t\t\t\t\t\t<span class=\"elementor-toggle-icon elementor-toggle-icon-left\" aria-hidden=\"true\">\n\t\t\t\t\t\t\t\t\t\t\t\t\t\t\t<span class=\"elementor-toggle-icon-closed\"><i class=\"vamtamtheme- vamtam-theme-icon-plus\"><\/i><\/span>\n\t\t\t\t\t\t\t\t<span class=\"elementor-toggle-icon-opened\"><i class=\"elementor-toggle-icon-opened vamtamtheme- vamtam-theme-icon-minus\"><\/i><\/span>\n\t\t\t\t\t\t\t\t\t\t\t\t\t<\/span>\n\t\t\t\t\t\t\t\t\t\t\t\t<a class=\"elementor-toggle-title\" tabindex=\"0\">When should I file a car accident lawsuit?<\/a>\n\t\t\t\t\t<\/div>\n\n\t\t\t\t\t<div id=\"elementor-tab-content-1201\" class=\"elementor-tab-content elementor-clearfix\" data-tab=\"1\" role=\"region\" aria-labelledby=\"elementor-tab-title-1201\"><div class=\"faqs-question-wrapper\"><div class=\"faqs-question\"><p class=\"faq-q-text\"><span style=\"color: var(--vamtam-widget-text-lighter); letter-spacing: var(--vamtam-primary-font-letter-spacing-desktop,normal); text-transform: var(--vamtam-primary-font-transform,none);\">As with any type of injury claim, it\u2019s important that you contact a lawyer and take legal action promptly. There are filing deadlines associated with each case known as \u201cstatutes of limitations.\u201d In Florida, the statute of limitations for car, truck, and motorcycle cases is <\/span><strong>4 years<\/strong><span style=\"color: var(--vamtam-widget-text-lighter); letter-spacing: var(--vamtam-primary-font-letter-spacing-desktop,normal); text-transform: var(--vamtam-primary-font-transform,none);\">\u00a0after the accident occurred. If you miss this filing window, you might not be able to collect any damages, no matter the circumstances of your case.<\/span><\/p><\/div><\/div><\/div>\n\t\t\t\t<\/div>\n\t\t\t\t\t\t\t<div class=\"elementor-toggle-item\">\n\t\t\t\t\t<div id=\"elementor-tab-title-1202\" class=\"elementor-tab-title\" data-tab=\"2\" role=\"button\" aria-controls=\"elementor-tab-content-1202\" aria-expanded=\"false\">\n\t\t\t\t\t\t\t\t\t\t\t\t<span class=\"elementor-toggle-icon elementor-toggle-icon-left\" aria-hidden=\"true\">\n\t\t\t\t\t\t\t\t\t\t\t\t\t\t\t<span class=\"elementor-toggle-icon-closed\"><i class=\"vamtamtheme- vamtam-theme-icon-plus\"><\/i><\/span>\n\t\t\t\t\t\t\t\t<span class=\"elementor-toggle-icon-opened\"><i class=\"elementor-toggle-icon-opened vamtamtheme- vamtam-theme-icon-minus\"><\/i><\/span>\n\t\t\t\t\t\t\t\t\t\t\t\t\t<\/span>\n\t\t\t\t\t\t\t\t\t\t\t\t<a class=\"elementor-toggle-title\" tabindex=\"0\">How long does a car accident lawsuit take?<\/a>\n\t\t\t\t\t<\/div>\n\n\t\t\t\t\t<div id=\"elementor-tab-content-1202\" class=\"elementor-tab-content elementor-clearfix\" data-tab=\"2\" role=\"region\" aria-labelledby=\"elementor-tab-title-1202\"><p>Every car accident lawsuit is unique \u2014 there is no set time period for how long a case will take. Depending on the facts and issues involved in the case, resolution can take anywhere from several months to longer than a year.<\/p><p>While this may seem like a while, the process is necessary in order to ensure you obtain the full scope of justice you\u2019re entitled to under the law.<\/p><\/div>\n\t\t\t\t<\/div>\n\t\t\t\t\t\t\t<div class=\"elementor-toggle-item\">\n\t\t\t\t\t<div id=\"elementor-tab-title-1203\" class=\"elementor-tab-title\" data-tab=\"3\" role=\"button\" aria-controls=\"elementor-tab-content-1203\" aria-expanded=\"false\">\n\t\t\t\t\t\t\t\t\t\t\t\t<span class=\"elementor-toggle-icon elementor-toggle-icon-left\" aria-hidden=\"true\">\n\t\t\t\t\t\t\t\t\t\t\t\t\t\t\t<span class=\"elementor-toggle-icon-closed\"><i class=\"vamtamtheme- vamtam-theme-icon-plus\"><\/i><\/span>\n\t\t\t\t\t\t\t\t<span class=\"elementor-toggle-icon-opened\"><i class=\"elementor-toggle-icon-opened vamtamtheme- vamtam-theme-icon-minus\"><\/i><\/span>\n\t\t\t\t\t\t\t\t\t\t\t\t\t<\/span>\n\t\t\t\t\t\t\t\t\t\t\t\t<a class=\"elementor-toggle-title\" tabindex=\"0\">How can a car accident lawyer help me with my case?<\/a>\n\t\t\t\t\t<\/div>\n\n\t\t\t\t\t<div id=\"elementor-tab-content-1203\" class=\"elementor-tab-content elementor-clearfix\" data-tab=\"3\" role=\"region\" aria-labelledby=\"elementor-tab-title-1203\"><p>After a car accident, your priority is to heal and return to your life, not do all the work involved in a lawsuit. Securing a car crash lawyer early on means your lawyer will be able to work on your behalf to assist with forms and documents, file all necessary paperwork, gather evidence for trial, formulate a successful legal strategy, and argue for your full compensation.<\/p><\/div>\n\t\t\t\t<\/div>\n\t\t\t\t\t\t\t\t\t\t<script type=\"application\/ld+json\">{\"@context\":\"https:\\\/\\\/schema.org\",\"@type\":\"FAQPage\",\"mainEntity\":[{\"@type\":\"Question\",\"name\":\"When should I file a car accident lawsuit?\",\"acceptedAnswer\":{\"@type\":\"Answer\",\"text\":\"<div class=\\\"faqs-question-wrapper\\\"><div class=\\\"faqs-question\\\"><p class=\\\"faq-q-text\\\"><span style=\\\"color: var(--vamtam-widget-text-lighter); letter-spacing: var(--vamtam-primary-font-letter-spacing-desktop,normal); text-transform: var(--vamtam-primary-font-transform,none);\\\">As with any type of injury claim, it\\u2019s important that you contact a lawyer and take legal action promptly. There are filing deadlines associated with each case known as \\u201cstatutes of limitations.\\u201d In Florida, the statute of limitations for car, truck, and motorcycle cases is <\\\/span><strong>4 years<\\\/strong><span style=\\\"color: var(--vamtam-widget-text-lighter); letter-spacing: var(--vamtam-primary-font-letter-spacing-desktop,normal); text-transform: var(--vamtam-primary-font-transform,none);\\\">\\u00a0after the accident occurred. If you miss this filing window, you might not be able to collect any damages, no matter the circumstances of your case.<\\\/span><\\\/p><\\\/div><\\\/div>\"}},{\"@type\":\"Question\",\"name\":\"How long does a car accident lawsuit take?\",\"acceptedAnswer\":{\"@type\":\"Answer\",\"text\":\"<p>Every car accident lawsuit is unique \\u2014 there is no set time period for how long a case will take. Depending on the facts and issues involved in the case, resolution can take anywhere from several months to longer than a year.<\\\/p><p>While this may seem like a while, the process is necessary in order to ensure you obtain the full scope of justice you\\u2019re entitled to under the law.<\\\/p>\"}},{\"@type\":\"Question\",\"name\":\"How can a car accident lawyer help me with my case?\",\"acceptedAnswer\":{\"@type\":\"Answer\",\"text\":\"<p>After a car accident, your priority is to heal and return to your life, not do all the work involved in a lawsuit. Securing a car crash lawyer early on means your lawyer will be able to work on your behalf to assist with forms and documents, file all necessary paperwork, gather evidence for trial, formulate a successful legal strategy, and argue for your full compensation.<\\\/p>\"}}]}<\/script>\n\t\t\t\t\t<\/div>\n\t\t\t\t\t\t<\/div>\n\t\t\t\t<\/div>\n\t\t\t\t\t<\/div>\n\t\t<\/div>\n\t\t\t\t\t<\/div>\n\t\t<\/section>\n\t\t\t\t<\/div>\n\t\t","protected":false},"excerpt":{"rendered":"<p>Se voc\u00ea j\u00e1 esteve em um acidente de carro, voc\u00ea provavelmente est\u00e1 preocupado. Aqui est\u00e1 o que voc\u00ea precisa saber.<\/p>","protected":false},"author":1,"featured_media":988432,"parent":145,"menu_order":0,"comment_status":"closed","ping_status":"closed","template":"","meta":{"nf_dc_page":"","footnotes":""},"categories":[51],"tags":[],"class_list":["post-1637","page","type-page","status-publish","has-post-thumbnail","hentry","category-practice-areas"],"yoast_head":"<!-- This site is optimized with the Yoast SEO plugin v27.4 - https:\/\/yoast.com\/product\/yoast-seo-wordpress\/ -->\n<title>Car Accidents | Felipe Mavromatis<\/title>\n<meta name=\"description\" content=\"Get expert legal advice on car crash cases. Learn the steps to take after an accident and get answers to common questions.\" \/>\n<meta name=\"robots\" content=\"index, follow, max-snippet:-1, max-image-preview:large, max-video-preview:-1\" \/>\n<link rel=\"canonical\" href=\"https:\/\/mavroinjurylaw.com\/pt\/practice-areas\/car-crash-accident-lawyer\/\" \/>\n<meta property=\"og:locale\" content=\"pt_BR\" \/>\n<meta property=\"og:type\" content=\"article\" \/>\n<meta property=\"og:title\" content=\"Car Accidents | Felipe Mavromatis\" \/>\n<meta property=\"og:description\" content=\"Get expert legal advice on car crash cases. Learn the steps to take after an accident and get answers to common questions.\" \/>\n<meta property=\"og:url\" content=\"https:\/\/mavroinjurylaw.com\/pt\/practice-areas\/car-crash-accident-lawyer\/\" \/>\n<meta property=\"og:site_name\" content=\"Felipe Mavromatis\" \/>\n<meta property=\"article:modified_time\" content=\"2024-12-16T22:32:37+00:00\" \/>\n<meta property=\"og:image\" content=\"https:\/\/mavroinjurylaw.com\/wp-content\/uploads\/2024\/11\/car-crash.png\" \/>\n\t<meta property=\"og:image:width\" content=\"90\" \/>\n\t<meta property=\"og:image:height\" content=\"81\" \/>\n\t<meta property=\"og:image:type\" content=\"image\/png\" \/>\n<meta name=\"twitter:card\" content=\"summary_large_image\" \/>\n<meta name=\"twitter:label1\" content=\"Est. tempo de leitura\" \/>\n\t<meta name=\"twitter:data1\" content=\"3 minutos\" \/>\n<script type=\"application\/ld+json\" class=\"yoast-schema-graph\">{\"@context\":\"https:\\\/\\\/schema.org\",\"@graph\":[{\"@type\":\"WebPage\",\"@id\":\"https:\\\/\\\/mavroinjurylaw.com\\\/practice-areas\\\/car-crash-accident-lawyer\\\/\",\"url\":\"https:\\\/\\\/mavroinjurylaw.com\\\/practice-areas\\\/car-crash-accident-lawyer\\\/\",\"name\":\"Car Accidents | Felipe Mavromatis\",\"isPartOf\":{\"@id\":\"https:\\\/\\\/mavroinjurylaw.com\\\/#website\"},\"primaryImageOfPage\":{\"@id\":\"https:\\\/\\\/mavroinjurylaw.com\\\/practice-areas\\\/car-crash-accident-lawyer\\\/#primaryimage\"},\"image\":{\"@id\":\"https:\\\/\\\/mavroinjurylaw.com\\\/practice-areas\\\/car-crash-accident-lawyer\\\/#primaryimage\"},\"thumbnailUrl\":\"https:\\\/\\\/i0.wp.com\\\/mavroinjurylaw.com\\\/wp-content\\\/uploads\\\/2024\\\/11\\\/car-crash.png?fit=90%2C81&ssl=1\",\"datePublished\":\"2024-01-01T10:28:43+00:00\",\"dateModified\":\"2024-12-16T22:32:37+00:00\",\"description\":\"Get expert legal advice on car crash cases. Learn the steps to take after an accident and get answers to common questions.\",\"breadcrumb\":{\"@id\":\"https:\\\/\\\/mavroinjurylaw.com\\\/practice-areas\\\/car-crash-accident-lawyer\\\/#breadcrumb\"},\"inLanguage\":\"pt-BR\",\"potentialAction\":[{\"@type\":\"ReadAction\",\"target\":[\"https:\\\/\\\/mavroinjurylaw.com\\\/practice-areas\\\/car-crash-accident-lawyer\\\/\"]}]},{\"@type\":\"ImageObject\",\"inLanguage\":\"pt-BR\",\"@id\":\"https:\\\/\\\/mavroinjurylaw.com\\\/practice-areas\\\/car-crash-accident-lawyer\\\/#primaryimage\",\"url\":\"https:\\\/\\\/i0.wp.com\\\/mavroinjurylaw.com\\\/wp-content\\\/uploads\\\/2024\\\/11\\\/car-crash.png?fit=90%2C81&ssl=1\",\"contentUrl\":\"https:\\\/\\\/i0.wp.com\\\/mavroinjurylaw.com\\\/wp-content\\\/uploads\\\/2024\\\/11\\\/car-crash.png?fit=90%2C81&ssl=1\",\"width\":90,\"height\":81},{\"@type\":\"BreadcrumbList\",\"@id\":\"https:\\\/\\\/mavroinjurylaw.com\\\/practice-areas\\\/car-crash-accident-lawyer\\\/#breadcrumb\",\"itemListElement\":[{\"@type\":\"ListItem\",\"position\":1,\"name\":\"Home\",\"item\":\"https:\\\/\\\/mavroinjurylaw.com\\\/\"},{\"@type\":\"ListItem\",\"position\":2,\"name\":\"Practice Areas | Explore Our Legal Expertise\",\"item\":\"https:\\\/\\\/mavroinjurylaw.com\\\/practice-areas\\\/\"},{\"@type\":\"ListItem\",\"position\":3,\"name\":\"Car Accidents\"}]},{\"@type\":\"WebSite\",\"@id\":\"https:\\\/\\\/mavroinjurylaw.com\\\/#website\",\"url\":\"https:\\\/\\\/mavroinjurylaw.com\\\/\",\"name\":\"Felipe Mavromatis\",\"description\":\"Advogado Brasileiro Florida\",\"publisher\":{\"@id\":\"https:\\\/\\\/mavroinjurylaw.com\\\/#\\\/schema\\\/person\\\/1ef4ad05d80110ed7383af76ef749282\"},\"potentialAction\":[{\"@type\":\"SearchAction\",\"target\":{\"@type\":\"EntryPoint\",\"urlTemplate\":\"https:\\\/\\\/mavroinjurylaw.com\\\/?s={search_term_string}\"},\"query-input\":{\"@type\":\"PropertyValueSpecification\",\"valueRequired\":true,\"valueName\":\"search_term_string\"}}],\"inLanguage\":\"pt-BR\"},{\"@type\":[\"Person\",\"Organization\"],\"@id\":\"https:\\\/\\\/mavroinjurylaw.com\\\/#\\\/schema\\\/person\\\/1ef4ad05d80110ed7383af76ef749282\",\"name\":\"felipe.mavro\",\"image\":{\"@type\":\"ImageObject\",\"inLanguage\":\"pt-BR\",\"@id\":\"https:\\\/\\\/wemovecases.com\\\/wp-content\\\/uploads\\\/2023\\\/02\\\/logo3.png\",\"url\":\"https:\\\/\\\/wemovecases.com\\\/wp-content\\\/uploads\\\/2023\\\/02\\\/logo3.png\",\"contentUrl\":\"https:\\\/\\\/wemovecases.com\\\/wp-content\\\/uploads\\\/2023\\\/02\\\/logo3.png\",\"width\":311,\"height\":71,\"caption\":\"felipe.mavro\"},\"logo\":{\"@id\":\"https:\\\/\\\/wemovecases.com\\\/wp-content\\\/uploads\\\/2023\\\/02\\\/logo3.png\"}}]}<\/script>\n<!-- \/ Yoast SEO plugin. -->","yoast_head_json":{"title":"Car Accidents | Felipe Mavromatis","description":"Get expert legal advice on car crash cases. Learn the steps to take after an accident and get answers to common questions.","robots":{"index":"index","follow":"follow","max-snippet":"max-snippet:-1","max-image-preview":"max-image-preview:large","max-video-preview":"max-video-preview:-1"},"canonical":"https:\/\/mavroinjurylaw.com\/pt\/practice-areas\/car-crash-accident-lawyer\/","og_locale":"pt_BR","og_type":"article","og_title":"Car Accidents | Felipe Mavromatis","og_description":"Get expert legal advice on car crash cases. Learn the steps to take after an accident and get answers to common questions.","og_url":"https:\/\/mavroinjurylaw.com\/pt\/practice-areas\/car-crash-accident-lawyer\/","og_site_name":"Felipe Mavromatis","article_modified_time":"2024-12-16T22:32:37+00:00","og_image":[{"width":90,"height":81,"url":"https:\/\/mavroinjurylaw.com\/wp-content\/uploads\/2024\/11\/car-crash.png","type":"image\/png"}],"twitter_card":"summary_large_image","twitter_misc":{"Est. tempo de leitura":"3 minutos"},"schema":{"@context":"https:\/\/schema.org","@graph":[{"@type":"WebPage","@id":"https:\/\/mavroinjurylaw.com\/practice-areas\/car-crash-accident-lawyer\/","url":"https:\/\/mavroinjurylaw.com\/practice-areas\/car-crash-accident-lawyer\/","name":"Car Accidents | Felipe Mavromatis","isPartOf":{"@id":"https:\/\/mavroinjurylaw.com\/#website"},"primaryImageOfPage":{"@id":"https:\/\/mavroinjurylaw.com\/practice-areas\/car-crash-accident-lawyer\/#primaryimage"},"image":{"@id":"https:\/\/mavroinjurylaw.com\/practice-areas\/car-crash-accident-lawyer\/#primaryimage"},"thumbnailUrl":"https:\/\/i0.wp.com\/mavroinjurylaw.com\/wp-content\/uploads\/2024\/11\/car-crash.png?fit=90%2C81&ssl=1","datePublished":"2024-01-01T10:28:43+00:00","dateModified":"2024-12-16T22:32:37+00:00","description":"Get expert legal advice on car crash cases. Learn the steps to take after an accident and get answers to common questions.","breadcrumb":{"@id":"https:\/\/mavroinjurylaw.com\/practice-areas\/car-crash-accident-lawyer\/#breadcrumb"},"inLanguage":"pt-BR","potentialAction":[{"@type":"ReadAction","target":["https:\/\/mavroinjurylaw.com\/practice-areas\/car-crash-accident-lawyer\/"]}]},{"@type":"ImageObject","inLanguage":"pt-BR","@id":"https:\/\/mavroinjurylaw.com\/practice-areas\/car-crash-accident-lawyer\/#primaryimage","url":"https:\/\/i0.wp.com\/mavroinjurylaw.com\/wp-content\/uploads\/2024\/11\/car-crash.png?fit=90%2C81&ssl=1","contentUrl":"https:\/\/i0.wp.com\/mavroinjurylaw.com\/wp-content\/uploads\/2024\/11\/car-crash.png?fit=90%2C81&ssl=1","width":90,"height":81},{"@type":"BreadcrumbList","@id":"https:\/\/mavroinjurylaw.com\/practice-areas\/car-crash-accident-lawyer\/#breadcrumb","itemListElement":[{"@type":"ListItem","position":1,"name":"Home","item":"https:\/\/mavroinjurylaw.com\/"},{"@type":"ListItem","position":2,"name":"Practice Areas | Explore Our Legal Expertise","item":"https:\/\/mavroinjurylaw.com\/practice-areas\/"},{"@type":"ListItem","position":3,"name":"Car Accidents"}]},{"@type":"WebSite","@id":"https:\/\/mavroinjurylaw.com\/#website","url":"https:\/\/mavroinjurylaw.com\/","name":"Felipe Mavromatis","description":"Advogado Brasileiro Florida","publisher":{"@id":"https:\/\/mavroinjurylaw.com\/#\/schema\/person\/1ef4ad05d80110ed7383af76ef749282"},"potentialAction":[{"@type":"SearchAction","target":{"@type":"EntryPoint","urlTemplate":"https:\/\/mavroinjurylaw.com\/?s={search_term_string}"},"query-input":{"@type":"PropertyValueSpecification","valueRequired":true,"valueName":"search_term_string"}}],"inLanguage":"pt-BR"},{"@type":["Person","Organization"],"@id":"https:\/\/mavroinjurylaw.com\/#\/schema\/person\/1ef4ad05d80110ed7383af76ef749282","name":"felipe.mavro","image":{"@type":"ImageObject","inLanguage":"pt-BR","@id":"https:\/\/wemovecases.com\/wp-content\/uploads\/2023\/02\/logo3.png","url":"https:\/\/wemovecases.com\/wp-content\/uploads\/2023\/02\/logo3.png","contentUrl":"https:\/\/wemovecases.com\/wp-content\/uploads\/2023\/02\/logo3.png","width":311,"height":71,"caption":"felipe.mavro"},"logo":{"@id":"https:\/\/wemovecases.com\/wp-content\/uploads\/2023\/02\/logo3.png"}}]}},"jetpack_sharing_enabled":true,"_links":{"self":[{"href":"https:\/\/mavroinjurylaw.com\/pt\/wp-json\/wp\/v2\/pages\/1637","targetHints":{"allow":["GET"]}}],"collection":[{"href":"https:\/\/mavroinjurylaw.com\/pt\/wp-json\/wp\/v2\/pages"}],"about":[{"href":"https:\/\/mavroinjurylaw.com\/pt\/wp-json\/wp\/v2\/types\/page"}],"author":[{"embeddable":true,"href":"https:\/\/mavroinjurylaw.com\/pt\/wp-json\/wp\/v2\/users\/1"}],"replies":[{"embeddable":true,"href":"https:\/\/mavroinjurylaw.com\/pt\/wp-json\/wp\/v2\/comments?post=1637"}],"version-history":[{"count":1,"href":"https:\/\/mavroinjurylaw.com\/pt\/wp-json\/wp\/v2\/pages\/1637\/revisions"}],"predecessor-version":[{"id":990481,"href":"https:\/\/mavroinjurylaw.com\/pt\/wp-json\/wp\/v2\/pages\/1637\/revisions\/990481"}],"up":[{"embeddable":true,"href":"https:\/\/mavroinjurylaw.com\/pt\/wp-json\/wp\/v2\/pages\/145"}],"wp:featuredmedia":[{"embeddable":true,"href":"https:\/\/mavroinjurylaw.com\/pt\/wp-json\/wp\/v2\/media\/988432"}],"wp:attachment":[{"href":"https:\/\/mavroinjurylaw.com\/pt\/wp-json\/wp\/v2\/media?parent=1637"}],"wp:term":[{"taxonomy":"category","embeddable":true,"href":"https:\/\/mavroinjurylaw.com\/pt\/wp-json\/wp\/v2\/categories?post=1637"},{"taxonomy":"post_tag","embeddable":true,"href":"https:\/\/mavroinjurylaw.com\/pt\/wp-json\/wp\/v2\/tags?post=1637"}],"curies":[{"name":"wp","href":"https:\/\/api.w.org\/{rel}","templated":true}]}}